{"id":22613,"date":"2024-10-08T09:24:07","date_gmt":"2024-10-08T09:53:55","guid":{"rendered":"https:\/\/falk-toys.com\/produit\/feuerwehrtrjahreporter-mit-aufklappbarer-sitzflaeche-und-lenkrad-mit-hupe\/"},"modified":"2024-10-08T09:54:09","modified_gmt":"2024-10-08T09:54:09","slug":"feuerwehrtrjahreporter-mit-aufklappbarer-sitzflaeche-und-lenkrad-mit-hupe","status":"publish","type":"product","link":"https:\/\/falk-toys.pycofa.fr\/de\/produkt\/feuerwehrtrjahreporter-mit-aufklappbarer-sitzflaeche-und-lenkrad-mit-hupe\/","title":{"rendered":"FeuerwehrtrJahreporter mit aufklappbarer Sitzfl\u00e4che und Lenkrad mit Hupe"},"content":{"rendered":"<p>Falk pr\u00e4sentiert ein neues Modell seines Lauftraktors, 100% Made in France, f\u00fcr Kinder ab 1 Jahr. Mit seinen runden Formen und seinem breiten, verschmitzten Grinsen wirkt er zur gro\u00dfen Freude der angehenden Minig\u00e4rtner noch verspielter. Seine lebendigen Farben wecken die Neugier von Kleinkindern, deren Motorik und Gleichgewicht spielerisch gef\u00f6rdert werden! Der liebevoll gestaltete Traktor eignet sich mit seinem Lenkrad samt Hupe genauso gut f\u00fcr den Garten wie f\u00fcr drinnen und wird mit seinem Anh\u00e4nger schnell zum Lieblingsgef\u00e4hrt, um Kuscheltiere vom Kinderzimmer ins Wohnzimmer zu bef\u00f6rdern oder drau\u00dfen Sand, Bl\u00e4tter und anderes Material zu transportieren. Und wer lieber einen Traktor im Vintage-Look h\u00e4tte, der kann sein Modell dank den mitgelieferten Aufklebern ganz nach seinen Vorstellungen selbst gestalten! Zus\u00e4tzlich ist er aus mindestens 40% recyceltem Kunststoff gefertigt !<\/p>\n","protected":false},"excerpt":{"rendered":"<p>Feuerwehr-Tragundasche mit aufklappbarem Sitz, Lenkrad mit Hupe, Aufklebern f\u00fcr mehrere L\u00e4nder und anpassbarem Nummernschild &#8211; 100% Made in France f\u00fcr kleine Abenteurer ab 12 Monaten.<\/p>\n","protected":false},"featured_media":19820,"comment_status":"closed","ping_status":"closed","template":"","meta":{"_acf_changed":false,"site-sidebar-layout":"default","site-content-layout":"","ast-site-content-layout":"","site-content-style":"default","site-sidebar-style":"default","ast-global-header-display":"","ast-banner-title-visibility":"","ast-main-header-display":"","ast-hfb-above-header-display":"","ast-hfb-below-header-display":"","ast-hfb-mobile-header-display":"","site-post-title":"","ast-breadcrumbs-content":"","ast-featured-img":"","footer-sml-layout":"","theme-transparent-header-meta":"","adv-header-id-meta":"","stick-header-meta":"","header-above-stick-meta":"","header-main-stick-meta":"","header-below-stick-meta":"","astra-migrate-meta-layouts":"default","ast-page-background-enabled":"default","ast-page-background-meta":{"desktop":{"background-color":"","background-image":"","background-repeat":"repeat","background-position":"center center","background-size":"auto","background-attachment":"scroll","background-type":"","background-media":"","overlay-type":"","overlay-color":"","overlay-opacity":"","overlay-gradient":""},"tablet":{"background-color":"","background-image":"","background-repeat":"repeat","background-position":"center center","background-size":"auto","background-attachment":"scroll","background-type":"","background-media":"","overlay-type":"","overlay-color":"","overlay-opacity":"","overlay-gradient":""},"mobile":{"background-color":"","background-image":"","background-repeat":"repeat","background-position":"center center","background-size":"auto","background-attachment":"scroll","background-type":"","background-media":"","overlay-type":"","overlay-color":"","overlay-opacity":"","overlay-gradient":""}},"ast-content-background-meta":{"desktop":{"background-color":"var(--ast-global-color-5)","background-image":"","background-repeat":"repeat","background-position":"center center","background-size":"auto","background-attachment":"scroll","background-type":"","background-media":"","overlay-type":"","overlay-color":"","overlay-opacity":"","overlay-gradient":""},"tablet":{"background-color":"var(--ast-global-color-5)","background-image":"","background-repeat":"repeat","background-position":"center center","background-size":"auto","background-attachment":"scroll","background-type":"","background-media":"","overlay-type":"","overlay-color":"","overlay-opacity":"","overlay-gradient":""},"mobile":{"background-color":"var(--ast-global-color-5)","background-image":"","background-repeat":"repeat","background-position":"center center","background-size":"auto","background-attachment":"scroll","background-type":"","background-media":"","overlay-type":"","overlay-color":"","overlay-opacity":"","overlay-gradient":""}}},"product_brand":[],"product_cat":[159,49],"product_tag":[640,68],"class_list":{"0":"post-22613","1":"product","2":"type-product","3":"status-publish","4":"has-post-thumbnail","6":"product_cat-1-3-jahre","7":"product_cat-die-kleinen-abenteurer","8":"product_tag-first-age-carriers-de","9":"product_tag-kinderfahrzeuge-saugling","10":"desktop-align-left","11":"tablet-align-left","12":"mobile-align-left","14":"first","15":"outofstock","16":"featured","17":"purchasable","18":"product-type-simple"},"acf":[],"yoast_head":"<!-- This site is optimized with the Yoast SEO Premium plugin v25.0 (Yoast SEO v25.1) - https:\/\/yoast.com\/wordpress\/plugins\/seo\/ -->\n<title>FeuerwehrtrJahreporter mit aufklappbarer Sitzfl\u00e4che und Lenkrad mit Hupe | FALK - Toys that rolls<\/title>\n<meta name=\"robots\" content=\"noindex, follow, max-snippet:-1, max-image-preview:large, max-video-preview:-1\" \/>\n<meta property=\"og:locale\" content=\"de_DE\" \/>\n<meta property=\"og:type\" content=\"article\" \/>\n<meta property=\"og:title\" content=\"FeuerwehrtrJahreporter mit aufklappbarer Sitzfl\u00e4che und Lenkrad mit Hupe\" \/>\n<meta property=\"og:description\" content=\"Feuerwehr-Tragundasche mit aufklappbarem Sitz, Lenkrad mit Hupe, Aufklebern f\u00fcr mehrere L\u00e4nder und anpassbarem Nummernschild - 100% Made in France f\u00fcr kleine Abenteurer ab 12 Monaten.\" \/>\n<meta property=\"og:url\" content=\"https:\/\/falk-toys.pycofa.fr\/de\/produkt\/feuerwehrtrjahreporter-mit-aufklappbarer-sitzflaeche-und-lenkrad-mit-hupe\/\" \/>\n<meta property=\"og:site_name\" content=\"FALK - Toys that rolls\" \/>\n<meta property=\"article:publisher\" content=\"https:\/\/www.facebook.com\/FalkFR\/\" \/>\n<meta property=\"article:modified_time\" content=\"2024-10-08T09:54:09+00:00\" \/>\n<meta property=\"og:image\" content=\"https:\/\/falk-toys.pycofa.fr\/wp-content\/uploads\/2024\/10\/porteur-pompier-700-pks.jpg\" \/>\n\t<meta property=\"og:image:width\" content=\"800\" \/>\n\t<meta property=\"og:image:height\" content=\"800\" \/>\n\t<meta property=\"og:image:type\" content=\"image\/jpeg\" \/>\n<meta name=\"twitter:card\" content=\"summary_large_image\" \/>\n<meta name=\"twitter:label1\" content=\"Preis\" \/>\n\t<meta name=\"twitter:data1\" content=\"37,99&euro;\" \/>\n\t<meta name=\"twitter:label2\" content=\"Verf\u00fcgbarkeit\" \/>\n\t<meta name=\"twitter:data2\" content=\"ausverkauft\" \/>\n<script type=\"application\/ld+json\" class=\"yoast-schema-graph\">{\"@context\":\"https:\/\/schema.org\",\"@graph\":[{\"@type\":\"WebPage\",\"@id\":\"https:\/\/falk-toys.pycofa.fr\/de\/produkt\/feuerwehrtrjahreporter-mit-aufklappbarer-sitzflaeche-und-lenkrad-mit-hupe\/\",\"url\":\"https:\/\/falk-toys.pycofa.fr\/de\/produkt\/feuerwehrtrjahreporter-mit-aufklappbarer-sitzflaeche-und-lenkrad-mit-hupe\/\",\"name\":\"FeuerwehrtrJahreporter mit aufklappbarer Sitzfl\u00e4che und Lenkrad mit Hupe | FALK - Toys that rolls\",\"isPartOf\":{\"@id\":\"https:\/\/falk-toys.pycofa.fr\/de\/#website\"},\"primaryImageOfPage\":{\"@id\":\"https:\/\/falk-toys.pycofa.fr\/de\/produkt\/feuerwehrtrjahreporter-mit-aufklappbarer-sitzflaeche-und-lenkrad-mit-hupe\/#primaryimage\"},\"image\":{\"@id\":\"https:\/\/falk-toys.pycofa.fr\/de\/produkt\/feuerwehrtrjahreporter-mit-aufklappbarer-sitzflaeche-und-lenkrad-mit-hupe\/#primaryimage\"},\"thumbnailUrl\":\"https:\/\/falk-toys.pycofa.fr\/wp-content\/uploads\/2024\/10\/porteur-pompier-700-pks.jpg\",\"datePublished\":\"2024-10-08T09:53:55+00:00\",\"dateModified\":\"2024-10-08T09:54:09+00:00\",\"breadcrumb\":{\"@id\":\"https:\/\/falk-toys.pycofa.fr\/de\/produkt\/feuerwehrtrjahreporter-mit-aufklappbarer-sitzflaeche-und-lenkrad-mit-hupe\/#breadcrumb\"},\"inLanguage\":\"de\",\"potentialAction\":[{\"@type\":\"ReadAction\",\"target\":[\"https:\/\/falk-toys.pycofa.fr\/de\/produkt\/feuerwehrtrjahreporter-mit-aufklappbarer-sitzflaeche-und-lenkrad-mit-hupe\/\"]}]},{\"@type\":\"ImageObject\",\"inLanguage\":\"de\",\"@id\":\"https:\/\/falk-toys.pycofa.fr\/de\/produkt\/feuerwehrtrjahreporter-mit-aufklappbarer-sitzflaeche-und-lenkrad-mit-hupe\/#primaryimage\",\"url\":\"https:\/\/falk-toys.pycofa.fr\/wp-content\/uploads\/2024\/10\/porteur-pompier-700-pks.jpg\",\"contentUrl\":\"https:\/\/falk-toys.pycofa.fr\/wp-content\/uploads\/2024\/10\/porteur-pompier-700-pks.jpg\",\"width\":800,\"height\":800,\"caption\":\"Stacked from 7 images. Method=B (R=8,S=4)\"},{\"@type\":\"BreadcrumbList\",\"@id\":\"https:\/\/falk-toys.pycofa.fr\/de\/produkt\/feuerwehrtrjahreporter-mit-aufklappbarer-sitzflaeche-und-lenkrad-mit-hupe\/#breadcrumb\",\"itemListElement\":[{\"@type\":\"ListItem\",\"position\":1,\"name\":\"Home\",\"item\":\"https:\/\/falk-toys.pycofa.fr\/de\/\"},{\"@type\":\"ListItem\",\"position\":2,\"name\":\"Shop\",\"item\":\"https:\/\/falk-toys.pycofa.fr\/de\/shop\/\"},{\"@type\":\"ListItem\",\"position\":3,\"name\":\"FeuerwehrtrJahreporter mit aufklappbarer Sitzfl\u00e4che und Lenkrad mit Hupe\"}]},{\"@type\":\"WebSite\",\"@id\":\"https:\/\/falk-toys.pycofa.fr\/de\/#website\",\"url\":\"https:\/\/falk-toys.pycofa.fr\/de\/\",\"name\":\"FALK - Toys that rolls\",\"description\":\"Jouets fabriqu\u00e9s en France\",\"publisher\":{\"@id\":\"https:\/\/falk-toys.pycofa.fr\/de\/#organization\"},\"potentialAction\":[{\"@type\":\"SearchAction\",\"target\":{\"@type\":\"EntryPoint\",\"urlTemplate\":\"https:\/\/falk-toys.pycofa.fr\/de\/?s={search_term_string}\"},\"query-input\":{\"@type\":\"PropertyValueSpecification\",\"valueRequired\":true,\"valueName\":\"search_term_string\"}}],\"inLanguage\":\"de\"},{\"@type\":\"Organization\",\"@id\":\"https:\/\/falk-toys.pycofa.fr\/de\/#organization\",\"name\":\"Falk Toys\",\"url\":\"https:\/\/falk-toys.pycofa.fr\/de\/\",\"logo\":{\"@type\":\"ImageObject\",\"inLanguage\":\"de\",\"@id\":\"https:\/\/falk-toys.pycofa.fr\/de\/#\/schema\/logo\/image\/\",\"url\":\"https:\/\/falk-toys.pycofa.fr\/wp-content\/uploads\/2019\/12\/falk-logo@2x.png\",\"contentUrl\":\"https:\/\/falk-toys.pycofa.fr\/wp-content\/uploads\/2019\/12\/falk-logo@2x.png\",\"width\":436,\"height\":351,\"caption\":\"Falk Toys\"},\"image\":{\"@id\":\"https:\/\/falk-toys.pycofa.fr\/de\/#\/schema\/logo\/image\/\"},\"sameAs\":[\"https:\/\/www.facebook.com\/FalkFR\/\",\"https:\/\/www.instagram.com\/falk_toys\/\",\"https:\/\/www.youtube.com\/channel\/UCKZXf1_E8UsPhjAQo-Y5vlg\"]}]}<\/script>\n<meta property=\"product:price:amount\" content=\"37.99\" \/>\n<meta property=\"product:price:currency\" content=\"EUR\" \/>\n<meta property=\"og:availability\" content=\"out of stock\" \/>\n<meta property=\"product:availability\" content=\"out of stock\" \/>\n<meta property=\"product:retailer_item_id\" content=\"700\" \/>\n<meta property=\"product:condition\" content=\"new\" \/>\n<!-- \/ Yoast SEO Premium plugin. -->","yoast_head_json":{"title":"FeuerwehrtrJahreporter mit aufklappbarer Sitzfl\u00e4che und Lenkrad mit Hupe | FALK - Toys that rolls","robots":{"index":"noindex","follow":"follow","max-snippet":"max-snippet:-1","max-image-preview":"max-image-preview:large","max-video-preview":"max-video-preview:-1"},"og_locale":"de_DE","og_type":"article","og_title":"FeuerwehrtrJahreporter mit aufklappbarer Sitzfl\u00e4che und Lenkrad mit Hupe","og_description":"Feuerwehr-Tragundasche mit aufklappbarem Sitz, Lenkrad mit Hupe, Aufklebern f\u00fcr mehrere L\u00e4nder und anpassbarem Nummernschild - 100% Made in France f\u00fcr kleine Abenteurer ab 12 Monaten.","og_url":"https:\/\/falk-toys.pycofa.fr\/de\/produkt\/feuerwehrtrjahreporter-mit-aufklappbarer-sitzflaeche-und-lenkrad-mit-hupe\/","og_site_name":"FALK - Toys that rolls","article_publisher":"https:\/\/www.facebook.com\/FalkFR\/","article_modified_time":"2024-10-08T09:54:09+00:00","og_image":[{"width":800,"height":800,"url":"https:\/\/falk-toys.pycofa.fr\/wp-content\/uploads\/2024\/10\/porteur-pompier-700-pks.jpg","type":"image\/jpeg"}],"twitter_card":"summary_large_image","twitter_misc":{"Preis":"37,99&euro;","Verf\u00fcgbarkeit":"ausverkauft"},"schema":{"@context":"https:\/\/schema.org","@graph":[{"@type":"WebPage","@id":"https:\/\/falk-toys.pycofa.fr\/de\/produkt\/feuerwehrtrjahreporter-mit-aufklappbarer-sitzflaeche-und-lenkrad-mit-hupe\/","url":"https:\/\/falk-toys.pycofa.fr\/de\/produkt\/feuerwehrtrjahreporter-mit-aufklappbarer-sitzflaeche-und-lenkrad-mit-hupe\/","name":"FeuerwehrtrJahreporter mit aufklappbarer Sitzfl\u00e4che und Lenkrad mit Hupe | FALK - Toys that rolls","isPartOf":{"@id":"https:\/\/falk-toys.pycofa.fr\/de\/#website"},"primaryImageOfPage":{"@id":"https:\/\/falk-toys.pycofa.fr\/de\/produkt\/feuerwehrtrjahreporter-mit-aufklappbarer-sitzflaeche-und-lenkrad-mit-hupe\/#primaryimage"},"image":{"@id":"https:\/\/falk-toys.pycofa.fr\/de\/produkt\/feuerwehrtrjahreporter-mit-aufklappbarer-sitzflaeche-und-lenkrad-mit-hupe\/#primaryimage"},"thumbnailUrl":"https:\/\/falk-toys.pycofa.fr\/wp-content\/uploads\/2024\/10\/porteur-pompier-700-pks.jpg","datePublished":"2024-10-08T09:53:55+00:00","dateModified":"2024-10-08T09:54:09+00:00","breadcrumb":{"@id":"https:\/\/falk-toys.pycofa.fr\/de\/produkt\/feuerwehrtrjahreporter-mit-aufklappbarer-sitzflaeche-und-lenkrad-mit-hupe\/#breadcrumb"},"inLanguage":"de","potentialAction":[{"@type":"ReadAction","target":["https:\/\/falk-toys.pycofa.fr\/de\/produkt\/feuerwehrtrjahreporter-mit-aufklappbarer-sitzflaeche-und-lenkrad-mit-hupe\/"]}]},{"@type":"ImageObject","inLanguage":"de","@id":"https:\/\/falk-toys.pycofa.fr\/de\/produkt\/feuerwehrtrjahreporter-mit-aufklappbarer-sitzflaeche-und-lenkrad-mit-hupe\/#primaryimage","url":"https:\/\/falk-toys.pycofa.fr\/wp-content\/uploads\/2024\/10\/porteur-pompier-700-pks.jpg","contentUrl":"https:\/\/falk-toys.pycofa.fr\/wp-content\/uploads\/2024\/10\/porteur-pompier-700-pks.jpg","width":800,"height":800,"caption":"Stacked from 7 images. Method=B (R=8,S=4)"},{"@type":"BreadcrumbList","@id":"https:\/\/falk-toys.pycofa.fr\/de\/produkt\/feuerwehrtrjahreporter-mit-aufklappbarer-sitzflaeche-und-lenkrad-mit-hupe\/#breadcrumb","itemListElement":[{"@type":"ListItem","position":1,"name":"Home","item":"https:\/\/falk-toys.pycofa.fr\/de\/"},{"@type":"ListItem","position":2,"name":"Shop","item":"https:\/\/falk-toys.pycofa.fr\/de\/shop\/"},{"@type":"ListItem","position":3,"name":"FeuerwehrtrJahreporter mit aufklappbarer Sitzfl\u00e4che und Lenkrad mit Hupe"}]},{"@type":"WebSite","@id":"https:\/\/falk-toys.pycofa.fr\/de\/#website","url":"https:\/\/falk-toys.pycofa.fr\/de\/","name":"FALK - Toys that rolls","description":"Jouets fabriqu\u00e9s en France","publisher":{"@id":"https:\/\/falk-toys.pycofa.fr\/de\/#organization"},"potentialAction":[{"@type":"SearchAction","target":{"@type":"EntryPoint","urlTemplate":"https:\/\/falk-toys.pycofa.fr\/de\/?s={search_term_string}"},"query-input":{"@type":"PropertyValueSpecification","valueRequired":true,"valueName":"search_term_string"}}],"inLanguage":"de"},{"@type":"Organization","@id":"https:\/\/falk-toys.pycofa.fr\/de\/#organization","name":"Falk Toys","url":"https:\/\/falk-toys.pycofa.fr\/de\/","logo":{"@type":"ImageObject","inLanguage":"de","@id":"https:\/\/falk-toys.pycofa.fr\/de\/#\/schema\/logo\/image\/","url":"https:\/\/falk-toys.pycofa.fr\/wp-content\/uploads\/2019\/12\/falk-logo@2x.png","contentUrl":"https:\/\/falk-toys.pycofa.fr\/wp-content\/uploads\/2019\/12\/falk-logo@2x.png","width":436,"height":351,"caption":"Falk Toys"},"image":{"@id":"https:\/\/falk-toys.pycofa.fr\/de\/#\/schema\/logo\/image\/"},"sameAs":["https:\/\/www.facebook.com\/FalkFR\/","https:\/\/www.instagram.com\/falk_toys\/","https:\/\/www.youtube.com\/channel\/UCKZXf1_E8UsPhjAQo-Y5vlg"]}]},"product_price_amount":"37.99","product_price_currency":"EUR","og_availability":"out of stock","product_availability":"out of stock","product_retailer_item_id":"700","product_condition":"new"},"_links":{"self":[{"href":"https:\/\/falk-toys.pycofa.fr\/de\/wp-json\/wp\/v2\/product\/22613","targetHints":{"allow":["GET"]}}],"collection":[{"href":"https:\/\/falk-toys.pycofa.fr\/de\/wp-json\/wp\/v2\/product"}],"about":[{"href":"https:\/\/falk-toys.pycofa.fr\/de\/wp-json\/wp\/v2\/types\/product"}],"replies":[{"embeddable":true,"href":"https:\/\/falk-toys.pycofa.fr\/de\/wp-json\/wp\/v2\/comments?post=22613"}],"wp:featuredmedia":[{"embeddable":true,"href":"https:\/\/falk-toys.pycofa.fr\/de\/wp-json\/wp\/v2\/media\/19820"}],"wp:attachment":[{"href":"https:\/\/falk-toys.pycofa.fr\/de\/wp-json\/wp\/v2\/media?parent=22613"}],"wp:term":[{"taxonomy":"product_brand","embeddable":true,"href":"https:\/\/falk-toys.pycofa.fr\/de\/wp-json\/wp\/v2\/product_brand?post=22613"},{"taxonomy":"product_cat","embeddable":true,"href":"https:\/\/falk-toys.pycofa.fr\/de\/wp-json\/wp\/v2\/product_cat?post=22613"},{"taxonomy":"product_tag","embeddable":true,"href":"https:\/\/falk-toys.pycofa.fr\/de\/wp-json\/wp\/v2\/product_tag?post=22613"}],"curies":[{"name":"wp","href":"https:\/\/api.w.org\/{rel}","templated":true}]}}