{"id":22614,"date":"2024-10-08T09:24:07","date_gmt":"2024-10-08T09:53:55","guid":{"rendered":"https:\/\/falk-toys.com\/produit\/ambulanz-trjahreporter-mit-aufklappbarer-sitzflaeche-und-lenkrad-mit-hupe\/"},"modified":"2024-10-08T09:54:11","modified_gmt":"2024-10-08T09:54:11","slug":"ambulanz-trjahreporter-mit-aufklappbarer-sitzflaeche-und-lenkrad-mit-hupe","status":"publish","type":"product","link":"https:\/\/falk-toys.pycofa.fr\/de\/produkt\/ambulanz-trjahreporter-mit-aufklappbarer-sitzflaeche-und-lenkrad-mit-hupe\/","title":{"rendered":"Ambulanz-TrJahreporter mit aufklappbarer Sitzfl\u00e4che und Lenkrad mit Hupe"},"content":{"rendered":"<p>Der Tretraktor SuperCharger wurde speziell f\u00fcr kleine Abenteurer von 3 bis 7 Jahren entwickelt.<br \/>\nDank der Motorhaube zum \u00d6ffnen k\u00f6nnen die kleinen Bastler auch Keilriemen, Filter und Z\u00fcndkerzen kontrollieren. Der mitgelieferte Anh\u00e4nger wird im Handumdrehen am Traktor befestigt und ist ideal, um Sand, Bl\u00e4tter, Erde und Steine im Garten zu transportieren. Ob als G\u00e4rtner oder Bauer kann Ihr Kind seine Selbst\u00e4ndigkeit und sein Vorstellungsverm\u00f6gen spielerisch weiterentwickeln.<br \/>\nDank dem Lenkrad mit Hupe f\u00e4hrt dieser Traktor 100 % made in France in alle Richtungen und garantiert stundenlangen Spielspa\u00df an der frischen Luft!<\/p>\n","protected":false},"excerpt":{"rendered":"<p>Kinderwagen mit aufklappbarer Sitzfl\u00e4che, Lenkrad mit Hupe, Aufkleber f\u00fcr mehrere L\u00e4nder und anpassbarem Nummernschild &#8211; 100% Made in France f\u00fcr kleine Abenteurer ab 12 Monaten.<\/p>\n","protected":false},"featured_media":19548,"comment_status":"closed","ping_status":"closed","template":"","meta":{"_acf_changed":false,"site-sidebar-layout":"default","site-content-layout":"","ast-site-content-layout":"","site-content-style":"default","site-sidebar-style":"default","ast-global-header-display":"","ast-banner-title-visibility":"","ast-main-header-display":"","ast-hfb-above-header-display":"","ast-hfb-below-header-display":"","ast-hfb-mobile-header-display":"","site-post-title":"","ast-breadcrumbs-content":"","ast-featured-img":"","footer-sml-layout":"","theme-transparent-header-meta":"","adv-header-id-meta":"","stick-header-meta":"","header-above-stick-meta":"","header-main-stick-meta":"","header-below-stick-meta":"","astra-migrate-meta-layouts":"default","ast-page-background-enabled":"default","ast-page-background-meta":{"desktop":{"background-color":"","background-image":"","background-repeat":"repeat","background-position":"center center","background-size":"auto","background-attachment":"scroll","background-type":"","background-media":"","overlay-type":"","overlay-color":"","overlay-opacity":"","overlay-gradient":""},"tablet":{"background-color":"","background-image":"","background-repeat":"repeat","background-position":"center center","background-size":"auto","background-attachment":"scroll","background-type":"","background-media":"","overlay-type":"","overlay-color":"","overlay-opacity":"","overlay-gradient":""},"mobile":{"background-color":"","background-image":"","background-repeat":"repeat","background-position":"center center","background-size":"auto","background-attachment":"scroll","background-type":"","background-media":"","overlay-type":"","overlay-color":"","overlay-opacity":"","overlay-gradient":""}},"ast-content-background-meta":{"desktop":{"background-color":"var(--ast-global-color-5)","background-image":"","background-repeat":"repeat","background-position":"center center","background-size":"auto","background-attachment":"scroll","background-type":"","background-media":"","overlay-type":"","overlay-color":"","overlay-opacity":"","overlay-gradient":""},"tablet":{"background-color":"var(--ast-global-color-5)","background-image":"","background-repeat":"repeat","background-position":"center center","background-size":"auto","background-attachment":"scroll","background-type":"","background-media":"","overlay-type":"","overlay-color":"","overlay-opacity":"","overlay-gradient":""},"mobile":{"background-color":"var(--ast-global-color-5)","background-image":"","background-repeat":"repeat","background-position":"center center","background-size":"auto","background-attachment":"scroll","background-type":"","background-media":"","overlay-type":"","overlay-color":"","overlay-opacity":"","overlay-gradient":""}}},"product_brand":[],"product_cat":[159,49],"product_tag":[68],"class_list":{"0":"post-22614","1":"product","2":"type-product","3":"status-publish","4":"has-post-thumbnail","6":"product_cat-1-3-jahre","7":"product_cat-die-kleinen-abenteurer","8":"product_tag-kinderfahrzeuge-saugling","9":"desktop-align-left","10":"tablet-align-left","11":"mobile-align-left","13":"first","14":"instock","15":"purchasable","16":"product-type-simple"},"acf":[],"yoast_head":"<!-- This site is optimized with the Yoast SEO Premium plugin v25.0 (Yoast SEO v25.1) - https:\/\/yoast.com\/wordpress\/plugins\/seo\/ -->\n<title>Ambulanz-TrJahreporter mit aufklappbarer Sitzfl\u00e4che und Lenkrad mit Hupe | FALK - Toys that rolls<\/title>\n<meta name=\"robots\" content=\"noindex, follow, max-snippet:-1, max-image-preview:large, max-video-preview:-1\" \/>\n<meta property=\"og:locale\" content=\"de_DE\" \/>\n<meta property=\"og:type\" content=\"article\" \/>\n<meta property=\"og:title\" content=\"Ambulanz-TrJahreporter mit aufklappbarer Sitzfl\u00e4che und Lenkrad mit Hupe\" \/>\n<meta property=\"og:description\" content=\"Kinderwagen mit aufklappbarer Sitzfl\u00e4che, Lenkrad mit Hupe, Aufkleber f\u00fcr mehrere L\u00e4nder und anpassbarem Nummernschild - 100% Made in France f\u00fcr kleine Abenteurer ab 12 Monaten.\" \/>\n<meta property=\"og:url\" content=\"https:\/\/falk-toys.pycofa.fr\/de\/produkt\/ambulanz-trjahreporter-mit-aufklappbarer-sitzflaeche-und-lenkrad-mit-hupe\/\" \/>\n<meta property=\"og:site_name\" content=\"FALK - Toys that rolls\" \/>\n<meta property=\"article:publisher\" content=\"https:\/\/www.facebook.com\/FalkFR\/\" \/>\n<meta property=\"article:modified_time\" content=\"2024-10-08T09:54:11+00:00\" \/>\n<meta property=\"og:image\" content=\"https:\/\/falk-toys.pycofa.fr\/wp-content\/uploads\/2024\/10\/porteur-ambulance-701-pks.jpg\" \/>\n\t<meta property=\"og:image:width\" content=\"800\" \/>\n\t<meta property=\"og:image:height\" content=\"800\" \/>\n\t<meta property=\"og:image:type\" content=\"image\/jpeg\" \/>\n<meta name=\"twitter:card\" content=\"summary_large_image\" \/>\n<meta name=\"twitter:label1\" content=\"Preis\" \/>\n\t<meta name=\"twitter:data1\" content=\"37,99&euro;\" \/>\n\t<meta name=\"twitter:label2\" content=\"Verf\u00fcgbarkeit\" \/>\n\t<meta name=\"twitter:data2\" content=\"Auf Lager\" \/>\n<script type=\"application\/ld+json\" class=\"yoast-schema-graph\">{\"@context\":\"https:\/\/schema.org\",\"@graph\":[{\"@type\":\"WebPage\",\"@id\":\"https:\/\/falk-toys.pycofa.fr\/de\/produkt\/ambulanz-trjahreporter-mit-aufklappbarer-sitzflaeche-und-lenkrad-mit-hupe\/\",\"url\":\"https:\/\/falk-toys.pycofa.fr\/de\/produkt\/ambulanz-trjahreporter-mit-aufklappbarer-sitzflaeche-und-lenkrad-mit-hupe\/\",\"name\":\"Ambulanz-TrJahreporter mit aufklappbarer Sitzfl\u00e4che und Lenkrad mit Hupe | FALK - Toys that rolls\",\"isPartOf\":{\"@id\":\"https:\/\/falk-toys.pycofa.fr\/de\/#website\"},\"primaryImageOfPage\":{\"@id\":\"https:\/\/falk-toys.pycofa.fr\/de\/produkt\/ambulanz-trjahreporter-mit-aufklappbarer-sitzflaeche-und-lenkrad-mit-hupe\/#primaryimage\"},\"image\":{\"@id\":\"https:\/\/falk-toys.pycofa.fr\/de\/produkt\/ambulanz-trjahreporter-mit-aufklappbarer-sitzflaeche-und-lenkrad-mit-hupe\/#primaryimage\"},\"thumbnailUrl\":\"https:\/\/falk-toys.pycofa.fr\/wp-content\/uploads\/2024\/10\/porteur-ambulance-701-pks.jpg\",\"datePublished\":\"2024-10-08T09:53:55+00:00\",\"dateModified\":\"2024-10-08T09:54:11+00:00\",\"breadcrumb\":{\"@id\":\"https:\/\/falk-toys.pycofa.fr\/de\/produkt\/ambulanz-trjahreporter-mit-aufklappbarer-sitzflaeche-und-lenkrad-mit-hupe\/#breadcrumb\"},\"inLanguage\":\"de\",\"potentialAction\":[{\"@type\":\"ReadAction\",\"target\":[\"https:\/\/falk-toys.pycofa.fr\/de\/produkt\/ambulanz-trjahreporter-mit-aufklappbarer-sitzflaeche-und-lenkrad-mit-hupe\/\"]}]},{\"@type\":\"ImageObject\",\"inLanguage\":\"de\",\"@id\":\"https:\/\/falk-toys.pycofa.fr\/de\/produkt\/ambulanz-trjahreporter-mit-aufklappbarer-sitzflaeche-und-lenkrad-mit-hupe\/#primaryimage\",\"url\":\"https:\/\/falk-toys.pycofa.fr\/wp-content\/uploads\/2024\/10\/porteur-ambulance-701-pks.jpg\",\"contentUrl\":\"https:\/\/falk-toys.pycofa.fr\/wp-content\/uploads\/2024\/10\/porteur-ambulance-701-pks.jpg\",\"width\":800,\"height\":800,\"caption\":\"Stacked from 10 images. Method=B (R=8,S=4)\"},{\"@type\":\"BreadcrumbList\",\"@id\":\"https:\/\/falk-toys.pycofa.fr\/de\/produkt\/ambulanz-trjahreporter-mit-aufklappbarer-sitzflaeche-und-lenkrad-mit-hupe\/#breadcrumb\",\"itemListElement\":[{\"@type\":\"ListItem\",\"position\":1,\"name\":\"Home\",\"item\":\"https:\/\/falk-toys.pycofa.fr\/de\/\"},{\"@type\":\"ListItem\",\"position\":2,\"name\":\"Shop\",\"item\":\"https:\/\/falk-toys.pycofa.fr\/de\/shop\/\"},{\"@type\":\"ListItem\",\"position\":3,\"name\":\"Ambulanz-TrJahreporter mit aufklappbarer Sitzfl\u00e4che und Lenkrad mit Hupe\"}]},{\"@type\":\"WebSite\",\"@id\":\"https:\/\/falk-toys.pycofa.fr\/de\/#website\",\"url\":\"https:\/\/falk-toys.pycofa.fr\/de\/\",\"name\":\"FALK - Toys that rolls\",\"description\":\"Jouets fabriqu\u00e9s en France\",\"publisher\":{\"@id\":\"https:\/\/falk-toys.pycofa.fr\/de\/#organization\"},\"potentialAction\":[{\"@type\":\"SearchAction\",\"target\":{\"@type\":\"EntryPoint\",\"urlTemplate\":\"https:\/\/falk-toys.pycofa.fr\/de\/?s={search_term_string}\"},\"query-input\":{\"@type\":\"PropertyValueSpecification\",\"valueRequired\":true,\"valueName\":\"search_term_string\"}}],\"inLanguage\":\"de\"},{\"@type\":\"Organization\",\"@id\":\"https:\/\/falk-toys.pycofa.fr\/de\/#organization\",\"name\":\"Falk Toys\",\"url\":\"https:\/\/falk-toys.pycofa.fr\/de\/\",\"logo\":{\"@type\":\"ImageObject\",\"inLanguage\":\"de\",\"@id\":\"https:\/\/falk-toys.pycofa.fr\/de\/#\/schema\/logo\/image\/\",\"url\":\"https:\/\/falk-toys.pycofa.fr\/wp-content\/uploads\/2019\/12\/falk-logo@2x.png\",\"contentUrl\":\"https:\/\/falk-toys.pycofa.fr\/wp-content\/uploads\/2019\/12\/falk-logo@2x.png\",\"width\":436,\"height\":351,\"caption\":\"Falk Toys\"},\"image\":{\"@id\":\"https:\/\/falk-toys.pycofa.fr\/de\/#\/schema\/logo\/image\/\"},\"sameAs\":[\"https:\/\/www.facebook.com\/FalkFR\/\",\"https:\/\/www.instagram.com\/falk_toys\/\",\"https:\/\/www.youtube.com\/channel\/UCKZXf1_E8UsPhjAQo-Y5vlg\"]}]}<\/script>\n<meta property=\"product:price:amount\" content=\"37.99\" \/>\n<meta property=\"product:price:currency\" content=\"EUR\" \/>\n<meta property=\"og:availability\" content=\"instock\" \/>\n<meta property=\"product:availability\" content=\"instock\" \/>\n<meta property=\"product:retailer_item_id\" content=\"701\" \/>\n<meta property=\"product:condition\" content=\"new\" \/>\n<!-- \/ Yoast SEO Premium plugin. -->","yoast_head_json":{"title":"Ambulanz-TrJahreporter mit aufklappbarer Sitzfl\u00e4che und Lenkrad mit Hupe | FALK - Toys that rolls","robots":{"index":"noindex","follow":"follow","max-snippet":"max-snippet:-1","max-image-preview":"max-image-preview:large","max-video-preview":"max-video-preview:-1"},"og_locale":"de_DE","og_type":"article","og_title":"Ambulanz-TrJahreporter mit aufklappbarer Sitzfl\u00e4che und Lenkrad mit Hupe","og_description":"Kinderwagen mit aufklappbarer Sitzfl\u00e4che, Lenkrad mit Hupe, Aufkleber f\u00fcr mehrere L\u00e4nder und anpassbarem Nummernschild - 100% Made in France f\u00fcr kleine Abenteurer ab 12 Monaten.","og_url":"https:\/\/falk-toys.pycofa.fr\/de\/produkt\/ambulanz-trjahreporter-mit-aufklappbarer-sitzflaeche-und-lenkrad-mit-hupe\/","og_site_name":"FALK - Toys that rolls","article_publisher":"https:\/\/www.facebook.com\/FalkFR\/","article_modified_time":"2024-10-08T09:54:11+00:00","og_image":[{"width":800,"height":800,"url":"https:\/\/falk-toys.pycofa.fr\/wp-content\/uploads\/2024\/10\/porteur-ambulance-701-pks.jpg","type":"image\/jpeg"}],"twitter_card":"summary_large_image","twitter_misc":{"Preis":"37,99&euro;","Verf\u00fcgbarkeit":"Auf Lager"},"schema":{"@context":"https:\/\/schema.org","@graph":[{"@type":"WebPage","@id":"https:\/\/falk-toys.pycofa.fr\/de\/produkt\/ambulanz-trjahreporter-mit-aufklappbarer-sitzflaeche-und-lenkrad-mit-hupe\/","url":"https:\/\/falk-toys.pycofa.fr\/de\/produkt\/ambulanz-trjahreporter-mit-aufklappbarer-sitzflaeche-und-lenkrad-mit-hupe\/","name":"Ambulanz-TrJahreporter mit aufklappbarer Sitzfl\u00e4che und Lenkrad mit Hupe | FALK - Toys that rolls","isPartOf":{"@id":"https:\/\/falk-toys.pycofa.fr\/de\/#website"},"primaryImageOfPage":{"@id":"https:\/\/falk-toys.pycofa.fr\/de\/produkt\/ambulanz-trjahreporter-mit-aufklappbarer-sitzflaeche-und-lenkrad-mit-hupe\/#primaryimage"},"image":{"@id":"https:\/\/falk-toys.pycofa.fr\/de\/produkt\/ambulanz-trjahreporter-mit-aufklappbarer-sitzflaeche-und-lenkrad-mit-hupe\/#primaryimage"},"thumbnailUrl":"https:\/\/falk-toys.pycofa.fr\/wp-content\/uploads\/2024\/10\/porteur-ambulance-701-pks.jpg","datePublished":"2024-10-08T09:53:55+00:00","dateModified":"2024-10-08T09:54:11+00:00","breadcrumb":{"@id":"https:\/\/falk-toys.pycofa.fr\/de\/produkt\/ambulanz-trjahreporter-mit-aufklappbarer-sitzflaeche-und-lenkrad-mit-hupe\/#breadcrumb"},"inLanguage":"de","potentialAction":[{"@type":"ReadAction","target":["https:\/\/falk-toys.pycofa.fr\/de\/produkt\/ambulanz-trjahreporter-mit-aufklappbarer-sitzflaeche-und-lenkrad-mit-hupe\/"]}]},{"@type":"ImageObject","inLanguage":"de","@id":"https:\/\/falk-toys.pycofa.fr\/de\/produkt\/ambulanz-trjahreporter-mit-aufklappbarer-sitzflaeche-und-lenkrad-mit-hupe\/#primaryimage","url":"https:\/\/falk-toys.pycofa.fr\/wp-content\/uploads\/2024\/10\/porteur-ambulance-701-pks.jpg","contentUrl":"https:\/\/falk-toys.pycofa.fr\/wp-content\/uploads\/2024\/10\/porteur-ambulance-701-pks.jpg","width":800,"height":800,"caption":"Stacked from 10 images. Method=B (R=8,S=4)"},{"@type":"BreadcrumbList","@id":"https:\/\/falk-toys.pycofa.fr\/de\/produkt\/ambulanz-trjahreporter-mit-aufklappbarer-sitzflaeche-und-lenkrad-mit-hupe\/#breadcrumb","itemListElement":[{"@type":"ListItem","position":1,"name":"Home","item":"https:\/\/falk-toys.pycofa.fr\/de\/"},{"@type":"ListItem","position":2,"name":"Shop","item":"https:\/\/falk-toys.pycofa.fr\/de\/shop\/"},{"@type":"ListItem","position":3,"name":"Ambulanz-TrJahreporter mit aufklappbarer Sitzfl\u00e4che und Lenkrad mit Hupe"}]},{"@type":"WebSite","@id":"https:\/\/falk-toys.pycofa.fr\/de\/#website","url":"https:\/\/falk-toys.pycofa.fr\/de\/","name":"FALK - Toys that rolls","description":"Jouets fabriqu\u00e9s en France","publisher":{"@id":"https:\/\/falk-toys.pycofa.fr\/de\/#organization"},"potentialAction":[{"@type":"SearchAction","target":{"@type":"EntryPoint","urlTemplate":"https:\/\/falk-toys.pycofa.fr\/de\/?s={search_term_string}"},"query-input":{"@type":"PropertyValueSpecification","valueRequired":true,"valueName":"search_term_string"}}],"inLanguage":"de"},{"@type":"Organization","@id":"https:\/\/falk-toys.pycofa.fr\/de\/#organization","name":"Falk Toys","url":"https:\/\/falk-toys.pycofa.fr\/de\/","logo":{"@type":"ImageObject","inLanguage":"de","@id":"https:\/\/falk-toys.pycofa.fr\/de\/#\/schema\/logo\/image\/","url":"https:\/\/falk-toys.pycofa.fr\/wp-content\/uploads\/2019\/12\/falk-logo@2x.png","contentUrl":"https:\/\/falk-toys.pycofa.fr\/wp-content\/uploads\/2019\/12\/falk-logo@2x.png","width":436,"height":351,"caption":"Falk Toys"},"image":{"@id":"https:\/\/falk-toys.pycofa.fr\/de\/#\/schema\/logo\/image\/"},"sameAs":["https:\/\/www.facebook.com\/FalkFR\/","https:\/\/www.instagram.com\/falk_toys\/","https:\/\/www.youtube.com\/channel\/UCKZXf1_E8UsPhjAQo-Y5vlg"]}]},"product_price_amount":"37.99","product_price_currency":"EUR","og_availability":"instock","product_availability":"instock","product_retailer_item_id":"701","product_condition":"new"},"_links":{"self":[{"href":"https:\/\/falk-toys.pycofa.fr\/de\/wp-json\/wp\/v2\/product\/22614","targetHints":{"allow":["GET"]}}],"collection":[{"href":"https:\/\/falk-toys.pycofa.fr\/de\/wp-json\/wp\/v2\/product"}],"about":[{"href":"https:\/\/falk-toys.pycofa.fr\/de\/wp-json\/wp\/v2\/types\/product"}],"replies":[{"embeddable":true,"href":"https:\/\/falk-toys.pycofa.fr\/de\/wp-json\/wp\/v2\/comments?post=22614"}],"wp:featuredmedia":[{"embeddable":true,"href":"https:\/\/falk-toys.pycofa.fr\/de\/wp-json\/wp\/v2\/media\/19548"}],"wp:attachment":[{"href":"https:\/\/falk-toys.pycofa.fr\/de\/wp-json\/wp\/v2\/media?parent=22614"}],"wp:term":[{"taxonomy":"product_brand","embeddable":true,"href":"https:\/\/falk-toys.pycofa.fr\/de\/wp-json\/wp\/v2\/product_brand?post=22614"},{"taxonomy":"product_cat","embeddable":true,"href":"https:\/\/falk-toys.pycofa.fr\/de\/wp-json\/wp\/v2\/product_cat?post=22614"},{"taxonomy":"product_tag","embeddable":true,"href":"https:\/\/falk-toys.pycofa.fr\/de\/wp-json\/wp\/v2\/product_tag?post=22614"}],"curies":[{"name":"wp","href":"https:\/\/api.w.org\/{rel}","templated":true}]}}