{"id":22638,"date":"2024-10-08T09:24:44","date_gmt":"2024-10-08T09:54:39","guid":{"rendered":"https:\/\/falk-toys.com\/produit\/claas-baggerlader-mit-bagger-und-anhaenger\/"},"modified":"2024-10-08T09:55:01","modified_gmt":"2024-10-08T09:55:01","slug":"claas-baggerlader-mit-bagger-und-anhaenger","status":"publish","type":"product","link":"https:\/\/falk-toys.pycofa.fr\/de\/produkt\/claas-baggerlader-mit-bagger-und-anhaenger\/","title":{"rendered":"Claas Baggerlader mit Bagger und Anh\u00e4nger"},"content":{"rendered":"<p>Der speziell f\u00fcr kleine Abenteurer von 3 bis 7 Jahren entwickelte Schaufellader Massey Ferguson rot ist ein originalgetreuer Nachbau mit Pedalen des Modells S8740.<br \/>\nDer Traktor aus 100 % franz\u00f6sischer Herstellung hat eine bewegliche Frontalschaufel, mit der Sand, Erde und Bl\u00e4tter geschaufelt werden k\u00f6nnen. F\u00fcr noch mehr Spielm\u00f6glichkeiten hat er auch einen abnehmbaren Anh\u00e4nger mit Klappw\u00e4nden. Ob als G\u00e4rtner oder Bauer kann Ihr Kind seine Selbst\u00e4ndigkeit und sein Vorstellungsverm\u00f6gen spielerisch weiterentwickeln.<br \/>\nDank dem Lenkrad f\u00e4hrt der Schaufellader in alle Richtungen und garantiert stundenlangen Spielspa\u00df an der frischen Luft!<\/p>\n","protected":false},"excerpt":{"rendered":"<p>Claas Baggerlader, eine echte pedalbundriebene Nachbildung des Modells Arion 410, ausgestattund mit einem Lenkrad mit Hupe, einem knickgelenkten Bagger und einem Anh\u00e4nger mit Bordw\u00e4nden &#8211; 100% Made in France in der Lage, kleinen Gartenschrecken von 2 bis 5 Jahren standzuhalten.<\/p>\n","protected":false},"featured_media":22837,"comment_status":"closed","ping_status":"closed","template":"","meta":{"_acf_changed":false,"site-sidebar-layout":"default","site-content-layout":"","ast-site-content-layout":"default","site-content-style":"default","site-sidebar-style":"default","ast-global-header-display":"","ast-banner-title-visibility":"","ast-main-header-display":"","ast-hfb-above-header-display":"","ast-hfb-below-header-display":"","ast-hfb-mobile-header-display":"","site-post-title":"","ast-breadcrumbs-content":"","ast-featured-img":"","footer-sml-layout":"","theme-transparent-header-meta":"default","adv-header-id-meta":"","stick-header-meta":"","header-above-stick-meta":"","header-main-stick-meta":"","header-below-stick-meta":"","astra-migrate-meta-layouts":"default","ast-page-background-enabled":"default","ast-page-background-meta":{"desktop":{"background-color":"","background-image":"","background-repeat":"repeat","background-position":"center center","background-size":"auto","background-attachment":"scroll","background-type":"","background-media":"","overlay-type":"","overlay-color":"","overlay-opacity":"","overlay-gradient":""},"tablet":{"background-color":"","background-image":"","background-repeat":"repeat","background-position":"center center","background-size":"auto","background-attachment":"scroll","background-type":"","background-media":"","overlay-type":"","overlay-color":"","overlay-opacity":"","overlay-gradient":""},"mobile":{"background-color":"","background-image":"","background-repeat":"repeat","background-position":"center center","background-size":"auto","background-attachment":"scroll","background-type":"","background-media":"","overlay-type":"","overlay-color":"","overlay-opacity":"","overlay-gradient":""}},"ast-content-background-meta":{"desktop":{"background-color":"var(--ast-global-color-5)","background-image":"","background-repeat":"repeat","background-position":"center center","background-size":"auto","background-attachment":"scroll","background-type":"","background-media":"","overlay-type":"","overlay-color":"","overlay-opacity":"","overlay-gradient":""},"tablet":{"background-color":"var(--ast-global-color-5)","background-image":"","background-repeat":"repeat","background-position":"center center","background-size":"auto","background-attachment":"scroll","background-type":"","background-media":"","overlay-type":"","overlay-color":"","overlay-opacity":"","overlay-gradient":""},"mobile":{"background-color":"var(--ast-global-color-5)","background-image":"","background-repeat":"repeat","background-position":"center center","background-size":"auto","background-attachment":"scroll","background-type":"","background-media":"","overlay-type":"","overlay-color":"","overlay-opacity":"","overlay-gradient":""}}},"product_brand":[],"product_cat":[160,134,48],"product_tag":[71],"class_list":{"0":"post-22638","1":"product","2":"type-product","3":"status-publish","4":"has-post-thumbnail","6":"product_cat-2-5-jahre","7":"product_cat-claas-de","8":"product_cat-die-kleinen-gartner","9":"product_tag-radlader","10":"desktop-align-left","11":"tablet-align-left","12":"mobile-align-left","14":"first","15":"instock","16":"featured","17":"purchasable","18":"product-type-simple"},"acf":[],"yoast_head":"<!-- This site is optimized with the Yoast SEO Premium plugin v25.0 (Yoast SEO v25.1) - https:\/\/yoast.com\/wordpress\/plugins\/seo\/ -->\n<title>Claas Baggerlader mit Bagger und Anh\u00e4nger | FALK - Toys that rolls<\/title>\n<meta name=\"robots\" content=\"noindex, follow, max-snippet:-1, max-image-preview:large, max-video-preview:-1\" \/>\n<meta property=\"og:locale\" content=\"de_DE\" \/>\n<meta property=\"og:type\" content=\"article\" \/>\n<meta property=\"og:title\" content=\"Claas Baggerlader mit Bagger und Anh\u00e4nger\" \/>\n<meta property=\"og:description\" content=\"Claas Baggerlader, eine echte pedalbundriebene Nachbildung des Modells Arion 410, ausgestattund mit einem Lenkrad mit Hupe, einem knickgelenkten Bagger und einem Anh\u00e4nger mit Bordw\u00e4nden - 100% Made in France in der Lage, kleinen Gartenschrecken von 2 bis 5 Jahren standzuhalten.\" \/>\n<meta property=\"og:url\" content=\"https:\/\/falk-toys.pycofa.fr\/de\/produkt\/claas-baggerlader-mit-bagger-und-anhaenger\/\" \/>\n<meta property=\"og:site_name\" content=\"FALK - Toys that rolls\" \/>\n<meta property=\"article:publisher\" content=\"https:\/\/www.facebook.com\/FalkFR\/\" \/>\n<meta property=\"article:modified_time\" content=\"2024-10-08T09:55:01+00:00\" \/>\n<meta property=\"og:image\" content=\"https:\/\/falk-toys.pycofa.fr\/wp-content\/uploads\/2024\/10\/tractopelle-a-pedales-claas-excavatrice-remorque-2040n-1.jpg.jpg\" \/>\n\t<meta property=\"og:image:width\" content=\"800\" \/>\n\t<meta property=\"og:image:height\" content=\"800\" \/>\n\t<meta property=\"og:image:type\" content=\"image\/jpeg\" \/>\n<meta name=\"twitter:card\" content=\"summary_large_image\" \/>\n<meta name=\"twitter:label1\" content=\"Preis\" \/>\n\t<meta name=\"twitter:data1\" content=\"134,99&euro;\" \/>\n\t<meta name=\"twitter:label2\" content=\"Verf\u00fcgbarkeit\" \/>\n\t<meta name=\"twitter:data2\" content=\"Auf Lager\" \/>\n<script type=\"application\/ld+json\" class=\"yoast-schema-graph\">{\"@context\":\"https:\/\/schema.org\",\"@graph\":[{\"@type\":\"WebPage\",\"@id\":\"https:\/\/falk-toys.pycofa.fr\/de\/produkt\/claas-baggerlader-mit-bagger-und-anhaenger\/\",\"url\":\"https:\/\/falk-toys.pycofa.fr\/de\/produkt\/claas-baggerlader-mit-bagger-und-anhaenger\/\",\"name\":\"Claas Baggerlader mit Bagger und Anh\u00e4nger | FALK - Toys that rolls\",\"isPartOf\":{\"@id\":\"https:\/\/falk-toys.pycofa.fr\/de\/#website\"},\"primaryImageOfPage\":{\"@id\":\"https:\/\/falk-toys.pycofa.fr\/de\/produkt\/claas-baggerlader-mit-bagger-und-anhaenger\/#primaryimage\"},\"image\":{\"@id\":\"https:\/\/falk-toys.pycofa.fr\/de\/produkt\/claas-baggerlader-mit-bagger-und-anhaenger\/#primaryimage\"},\"thumbnailUrl\":\"https:\/\/falk-toys.pycofa.fr\/wp-content\/uploads\/2024\/10\/tractopelle-a-pedales-claas-excavatrice-remorque-2040n-1.jpg.jpg\",\"datePublished\":\"2024-10-08T09:54:39+00:00\",\"dateModified\":\"2024-10-08T09:55:01+00:00\",\"breadcrumb\":{\"@id\":\"https:\/\/falk-toys.pycofa.fr\/de\/produkt\/claas-baggerlader-mit-bagger-und-anhaenger\/#breadcrumb\"},\"inLanguage\":\"de\",\"potentialAction\":[{\"@type\":\"ReadAction\",\"target\":[\"https:\/\/falk-toys.pycofa.fr\/de\/produkt\/claas-baggerlader-mit-bagger-und-anhaenger\/\"]}]},{\"@type\":\"ImageObject\",\"inLanguage\":\"de\",\"@id\":\"https:\/\/falk-toys.pycofa.fr\/de\/produkt\/claas-baggerlader-mit-bagger-und-anhaenger\/#primaryimage\",\"url\":\"https:\/\/falk-toys.pycofa.fr\/wp-content\/uploads\/2024\/10\/tractopelle-a-pedales-claas-excavatrice-remorque-2040n-1.jpg.jpg\",\"contentUrl\":\"https:\/\/falk-toys.pycofa.fr\/wp-content\/uploads\/2024\/10\/tractopelle-a-pedales-claas-excavatrice-remorque-2040n-1.jpg.jpg\",\"width\":800,\"height\":800,\"caption\":\"Tractopelle \u00e0 p\u00e9dales Claas 2040N\"},{\"@type\":\"BreadcrumbList\",\"@id\":\"https:\/\/falk-toys.pycofa.fr\/de\/produkt\/claas-baggerlader-mit-bagger-und-anhaenger\/#breadcrumb\",\"itemListElement\":[{\"@type\":\"ListItem\",\"position\":1,\"name\":\"Home\",\"item\":\"https:\/\/falk-toys.pycofa.fr\/de\/\"},{\"@type\":\"ListItem\",\"position\":2,\"name\":\"Shop\",\"item\":\"https:\/\/falk-toys.pycofa.fr\/de\/shop\/\"},{\"@type\":\"ListItem\",\"position\":3,\"name\":\"Claas Baggerlader mit Bagger und Anh\u00e4nger\"}]},{\"@type\":\"WebSite\",\"@id\":\"https:\/\/falk-toys.pycofa.fr\/de\/#website\",\"url\":\"https:\/\/falk-toys.pycofa.fr\/de\/\",\"name\":\"FALK - Toys that rolls\",\"description\":\"Jouets fabriqu\u00e9s en France\",\"publisher\":{\"@id\":\"https:\/\/falk-toys.pycofa.fr\/de\/#organization\"},\"potentialAction\":[{\"@type\":\"SearchAction\",\"target\":{\"@type\":\"EntryPoint\",\"urlTemplate\":\"https:\/\/falk-toys.pycofa.fr\/de\/?s={search_term_string}\"},\"query-input\":{\"@type\":\"PropertyValueSpecification\",\"valueRequired\":true,\"valueName\":\"search_term_string\"}}],\"inLanguage\":\"de\"},{\"@type\":\"Organization\",\"@id\":\"https:\/\/falk-toys.pycofa.fr\/de\/#organization\",\"name\":\"Falk Toys\",\"url\":\"https:\/\/falk-toys.pycofa.fr\/de\/\",\"logo\":{\"@type\":\"ImageObject\",\"inLanguage\":\"de\",\"@id\":\"https:\/\/falk-toys.pycofa.fr\/de\/#\/schema\/logo\/image\/\",\"url\":\"https:\/\/falk-toys.pycofa.fr\/wp-content\/uploads\/2019\/12\/falk-logo@2x.png\",\"contentUrl\":\"https:\/\/falk-toys.pycofa.fr\/wp-content\/uploads\/2019\/12\/falk-logo@2x.png\",\"width\":436,\"height\":351,\"caption\":\"Falk Toys\"},\"image\":{\"@id\":\"https:\/\/falk-toys.pycofa.fr\/de\/#\/schema\/logo\/image\/\"},\"sameAs\":[\"https:\/\/www.facebook.com\/FalkFR\/\",\"https:\/\/www.instagram.com\/falk_toys\/\",\"https:\/\/www.youtube.com\/channel\/UCKZXf1_E8UsPhjAQo-Y5vlg\"]}]}<\/script>\n<meta property=\"product:price:amount\" content=\"134.99\" \/>\n<meta property=\"product:price:currency\" content=\"EUR\" \/>\n<meta property=\"og:availability\" content=\"instock\" \/>\n<meta property=\"product:availability\" content=\"instock\" \/>\n<meta property=\"product:retailer_item_id\" content=\"2040N\" \/>\n<meta property=\"product:condition\" content=\"new\" \/>\n<!-- \/ Yoast SEO Premium plugin. -->","yoast_head_json":{"title":"Claas Baggerlader mit Bagger und Anh\u00e4nger | FALK - Toys that rolls","robots":{"index":"noindex","follow":"follow","max-snippet":"max-snippet:-1","max-image-preview":"max-image-preview:large","max-video-preview":"max-video-preview:-1"},"og_locale":"de_DE","og_type":"article","og_title":"Claas Baggerlader mit Bagger und Anh\u00e4nger","og_description":"Claas Baggerlader, eine echte pedalbundriebene Nachbildung des Modells Arion 410, ausgestattund mit einem Lenkrad mit Hupe, einem knickgelenkten Bagger und einem Anh\u00e4nger mit Bordw\u00e4nden - 100% Made in France in der Lage, kleinen Gartenschrecken von 2 bis 5 Jahren standzuhalten.","og_url":"https:\/\/falk-toys.pycofa.fr\/de\/produkt\/claas-baggerlader-mit-bagger-und-anhaenger\/","og_site_name":"FALK - Toys that rolls","article_publisher":"https:\/\/www.facebook.com\/FalkFR\/","article_modified_time":"2024-10-08T09:55:01+00:00","og_image":[{"width":800,"height":800,"url":"https:\/\/falk-toys.pycofa.fr\/wp-content\/uploads\/2024\/10\/tractopelle-a-pedales-claas-excavatrice-remorque-2040n-1.jpg.jpg","type":"image\/jpeg"}],"twitter_card":"summary_large_image","twitter_misc":{"Preis":"134,99&euro;","Verf\u00fcgbarkeit":"Auf Lager"},"schema":{"@context":"https:\/\/schema.org","@graph":[{"@type":"WebPage","@id":"https:\/\/falk-toys.pycofa.fr\/de\/produkt\/claas-baggerlader-mit-bagger-und-anhaenger\/","url":"https:\/\/falk-toys.pycofa.fr\/de\/produkt\/claas-baggerlader-mit-bagger-und-anhaenger\/","name":"Claas Baggerlader mit Bagger und Anh\u00e4nger | FALK - Toys that rolls","isPartOf":{"@id":"https:\/\/falk-toys.pycofa.fr\/de\/#website"},"primaryImageOfPage":{"@id":"https:\/\/falk-toys.pycofa.fr\/de\/produkt\/claas-baggerlader-mit-bagger-und-anhaenger\/#primaryimage"},"image":{"@id":"https:\/\/falk-toys.pycofa.fr\/de\/produkt\/claas-baggerlader-mit-bagger-und-anhaenger\/#primaryimage"},"thumbnailUrl":"https:\/\/falk-toys.pycofa.fr\/wp-content\/uploads\/2024\/10\/tractopelle-a-pedales-claas-excavatrice-remorque-2040n-1.jpg.jpg","datePublished":"2024-10-08T09:54:39+00:00","dateModified":"2024-10-08T09:55:01+00:00","breadcrumb":{"@id":"https:\/\/falk-toys.pycofa.fr\/de\/produkt\/claas-baggerlader-mit-bagger-und-anhaenger\/#breadcrumb"},"inLanguage":"de","potentialAction":[{"@type":"ReadAction","target":["https:\/\/falk-toys.pycofa.fr\/de\/produkt\/claas-baggerlader-mit-bagger-und-anhaenger\/"]}]},{"@type":"ImageObject","inLanguage":"de","@id":"https:\/\/falk-toys.pycofa.fr\/de\/produkt\/claas-baggerlader-mit-bagger-und-anhaenger\/#primaryimage","url":"https:\/\/falk-toys.pycofa.fr\/wp-content\/uploads\/2024\/10\/tractopelle-a-pedales-claas-excavatrice-remorque-2040n-1.jpg.jpg","contentUrl":"https:\/\/falk-toys.pycofa.fr\/wp-content\/uploads\/2024\/10\/tractopelle-a-pedales-claas-excavatrice-remorque-2040n-1.jpg.jpg","width":800,"height":800,"caption":"Tractopelle \u00e0 p\u00e9dales Claas 2040N"},{"@type":"BreadcrumbList","@id":"https:\/\/falk-toys.pycofa.fr\/de\/produkt\/claas-baggerlader-mit-bagger-und-anhaenger\/#breadcrumb","itemListElement":[{"@type":"ListItem","position":1,"name":"Home","item":"https:\/\/falk-toys.pycofa.fr\/de\/"},{"@type":"ListItem","position":2,"name":"Shop","item":"https:\/\/falk-toys.pycofa.fr\/de\/shop\/"},{"@type":"ListItem","position":3,"name":"Claas Baggerlader mit Bagger und Anh\u00e4nger"}]},{"@type":"WebSite","@id":"https:\/\/falk-toys.pycofa.fr\/de\/#website","url":"https:\/\/falk-toys.pycofa.fr\/de\/","name":"FALK - Toys that rolls","description":"Jouets fabriqu\u00e9s en France","publisher":{"@id":"https:\/\/falk-toys.pycofa.fr\/de\/#organization"},"potentialAction":[{"@type":"SearchAction","target":{"@type":"EntryPoint","urlTemplate":"https:\/\/falk-toys.pycofa.fr\/de\/?s={search_term_string}"},"query-input":{"@type":"PropertyValueSpecification","valueRequired":true,"valueName":"search_term_string"}}],"inLanguage":"de"},{"@type":"Organization","@id":"https:\/\/falk-toys.pycofa.fr\/de\/#organization","name":"Falk Toys","url":"https:\/\/falk-toys.pycofa.fr\/de\/","logo":{"@type":"ImageObject","inLanguage":"de","@id":"https:\/\/falk-toys.pycofa.fr\/de\/#\/schema\/logo\/image\/","url":"https:\/\/falk-toys.pycofa.fr\/wp-content\/uploads\/2019\/12\/falk-logo@2x.png","contentUrl":"https:\/\/falk-toys.pycofa.fr\/wp-content\/uploads\/2019\/12\/falk-logo@2x.png","width":436,"height":351,"caption":"Falk Toys"},"image":{"@id":"https:\/\/falk-toys.pycofa.fr\/de\/#\/schema\/logo\/image\/"},"sameAs":["https:\/\/www.facebook.com\/FalkFR\/","https:\/\/www.instagram.com\/falk_toys\/","https:\/\/www.youtube.com\/channel\/UCKZXf1_E8UsPhjAQo-Y5vlg"]}]},"product_price_amount":"134.99","product_price_currency":"EUR","og_availability":"instock","product_availability":"instock","product_retailer_item_id":"2040N","product_condition":"new"},"_links":{"self":[{"href":"https:\/\/falk-toys.pycofa.fr\/de\/wp-json\/wp\/v2\/product\/22638","targetHints":{"allow":["GET"]}}],"collection":[{"href":"https:\/\/falk-toys.pycofa.fr\/de\/wp-json\/wp\/v2\/product"}],"about":[{"href":"https:\/\/falk-toys.pycofa.fr\/de\/wp-json\/wp\/v2\/types\/product"}],"replies":[{"embeddable":true,"href":"https:\/\/falk-toys.pycofa.fr\/de\/wp-json\/wp\/v2\/comments?post=22638"}],"wp:featuredmedia":[{"embeddable":true,"href":"https:\/\/falk-toys.pycofa.fr\/de\/wp-json\/wp\/v2\/media\/22837"}],"wp:attachment":[{"href":"https:\/\/falk-toys.pycofa.fr\/de\/wp-json\/wp\/v2\/media?parent=22638"}],"wp:term":[{"taxonomy":"product_brand","embeddable":true,"href":"https:\/\/falk-toys.pycofa.fr\/de\/wp-json\/wp\/v2\/product_brand?post=22638"},{"taxonomy":"product_cat","embeddable":true,"href":"https:\/\/falk-toys.pycofa.fr\/de\/wp-json\/wp\/v2\/product_cat?post=22638"},{"taxonomy":"product_tag","embeddable":true,"href":"https:\/\/falk-toys.pycofa.fr\/de\/wp-json\/wp\/v2\/product_tag?post=22638"}],"curies":[{"name":"wp","href":"https:\/\/api.w.org\/{rel}","templated":true}]}}