{"id":22429,"date":"2024-10-08T09:25:35","date_gmt":"2024-10-08T09:40:47","guid":{"rendered":"https:\/\/falk-toys.com\/produit\/komatsu-pedal-backhoe-with-excavator-and-trailer\/"},"modified":"2024-10-08T09:41:07","modified_gmt":"2024-10-08T09:41:07","slug":"komatsu-pedal-backhoe-with-excavator-and-trailer","status":"publish","type":"product","link":"https:\/\/falk-toys.pycofa.fr\/en\/product\/komatsu-pedal-backhoe-with-excavator-and-trailer\/","title":{"rendered":"Komatsu pedal backhoe with excavator and trailer"},"content":{"rendered":"<p>There is no construction site too ambitious for the little builders equipped with this Komatsu backhoe, just like the real thing with its 360\u00b0 swiveling seat that easily transitions from the driver&#8217;s seat to the fully articulated front shovel or rear excavator.<br \/>\nConveniently, it comes equipped with a trailer for limitless play.<br \/>\nThis authentic miniature construction vehicle, 100% Made in France, composed by 30% recycled plastic, is specially designed to withstand the play of children aged 2 to 5, ensuring hours of outdoor fun.<br \/>\nIt&#8217;s time to lend a helping hand to parents in their construction projects!<\/p>\n","protected":false},"excerpt":{"rendered":"<p>Komatsu pedal backhoe with front shovel and fully articulated rear excavator and trailer included &#8211; 100% Made in France &#8211; Contains 30% recycled plastic &#8211; From 2 years.<\/p>\n","protected":false},"featured_media":22972,"comment_status":"closed","ping_status":"closed","template":"","meta":{"_acf_changed":false,"site-sidebar-layout":"default","site-content-layout":"","ast-site-content-layout":"default","site-content-style":"default","site-sidebar-style":"default","ast-global-header-display":"","ast-banner-title-visibility":"","ast-main-header-display":"","ast-hfb-above-header-display":"","ast-hfb-below-header-display":"","ast-hfb-mobile-header-display":"","site-post-title":"","ast-breadcrumbs-content":"","ast-featured-img":"","footer-sml-layout":"","theme-transparent-header-meta":"default","adv-header-id-meta":"","stick-header-meta":"","header-above-stick-meta":"","header-main-stick-meta":"","header-below-stick-meta":"","astra-migrate-meta-layouts":"default","ast-page-background-enabled":"default","ast-page-background-meta":{"desktop":{"background-color":"","background-image":"","background-repeat":"repeat","background-position":"center center","background-size":"auto","background-attachment":"scroll","background-type":"","background-media":"","overlay-type":"","overlay-color":"","overlay-opacity":"","overlay-gradient":""},"tablet":{"background-color":"","background-image":"","background-repeat":"repeat","background-position":"center center","background-size":"auto","background-attachment":"scroll","background-type":"","background-media":"","overlay-type":"","overlay-color":"","overlay-opacity":"","overlay-gradient":""},"mobile":{"background-color":"","background-image":"","background-repeat":"repeat","background-position":"center center","background-size":"auto","background-attachment":"scroll","background-type":"","background-media":"","overlay-type":"","overlay-color":"","overlay-opacity":"","overlay-gradient":""}},"ast-content-background-meta":{"desktop":{"background-color":"var(--ast-global-color-5)","background-image":"","background-repeat":"repeat","background-position":"center center","background-size":"auto","background-attachment":"scroll","background-type":"","background-media":"","overlay-type":"","overlay-color":"","overlay-opacity":"","overlay-gradient":""},"tablet":{"background-color":"var(--ast-global-color-5)","background-image":"","background-repeat":"repeat","background-position":"center center","background-size":"auto","background-attachment":"scroll","background-type":"","background-media":"","overlay-type":"","overlay-color":"","overlay-opacity":"","overlay-gradient":""},"mobile":{"background-color":"var(--ast-global-color-5)","background-image":"","background-repeat":"repeat","background-position":"center center","background-size":"auto","background-attachment":"scroll","background-type":"","background-media":"","overlay-type":"","overlay-color":"","overlay-opacity":"","overlay-gradient":""}}},"product_brand":[],"product_cat":[157,117,41],"product_tag":[64],"class_list":{"0":"post-22429","1":"product","2":"type-product","3":"status-publish","4":"has-post-thumbnail","6":"product_cat-2-5-years","7":"product_cat-komatsu-en","8":"product_cat-the-little-builders","9":"product_tag-backhoe","10":"desktop-align-left","11":"tablet-align-left","12":"mobile-align-left","14":"first","15":"instock","16":"purchasable","17":"product-type-simple"},"acf":[],"yoast_head":"<!-- This site is optimized with the Yoast SEO Premium plugin v25.0 (Yoast SEO v25.1) - https:\/\/yoast.com\/wordpress\/plugins\/seo\/ -->\n<title>Komatsu pedal backhoe with excavator and trailer | FALK - Toys that rolls<\/title>\n<meta name=\"robots\" content=\"noindex, follow, max-snippet:-1, max-image-preview:large, max-video-preview:-1\" \/>\n<meta property=\"og:locale\" content=\"en_US\" \/>\n<meta property=\"og:type\" content=\"article\" \/>\n<meta property=\"og:title\" content=\"Komatsu pedal backhoe with excavator and trailer\" \/>\n<meta property=\"og:description\" content=\"Komatsu pedal backhoe with front shovel and fully articulated rear excavator and trailer included - 100% Made in France - Contains 30% recycled plastic - From 2 years.\" \/>\n<meta property=\"og:url\" content=\"https:\/\/falk-toys.pycofa.fr\/en\/product\/komatsu-pedal-backhoe-with-excavator-and-trailer\/\" \/>\n<meta property=\"og:site_name\" content=\"FALK - Toys that rolls\" \/>\n<meta property=\"article:publisher\" content=\"https:\/\/www.facebook.com\/FalkFR\/\" \/>\n<meta property=\"article:modified_time\" content=\"2024-10-08T09:41:07+00:00\" \/>\n<meta property=\"og:image\" content=\"https:\/\/falk-toys.pycofa.fr\/wp-content\/uploads\/2024\/10\/tractopelle-komatsu-remorque-remorque-2076n-1.jpg.jpg\" \/>\n\t<meta property=\"og:image:width\" content=\"800\" \/>\n\t<meta property=\"og:image:height\" content=\"800\" \/>\n\t<meta property=\"og:image:type\" content=\"image\/jpeg\" \/>\n<meta name=\"twitter:card\" content=\"summary_large_image\" \/>\n<meta name=\"twitter:label1\" content=\"Price\" \/>\n\t<meta name=\"twitter:data1\" content=\"134,99&euro;\" \/>\n\t<meta name=\"twitter:label2\" content=\"Availability\" \/>\n\t<meta name=\"twitter:data2\" content=\"In stock\" \/>\n<script type=\"application\/ld+json\" class=\"yoast-schema-graph\">{\"@context\":\"https:\/\/schema.org\",\"@graph\":[{\"@type\":\"WebPage\",\"@id\":\"https:\/\/falk-toys.pycofa.fr\/en\/product\/komatsu-pedal-backhoe-with-excavator-and-trailer\/\",\"url\":\"https:\/\/falk-toys.pycofa.fr\/en\/product\/komatsu-pedal-backhoe-with-excavator-and-trailer\/\",\"name\":\"Komatsu pedal backhoe with excavator and trailer | FALK - Toys that rolls\",\"isPartOf\":{\"@id\":\"https:\/\/falk-toys.pycofa.fr\/en\/#website\"},\"primaryImageOfPage\":{\"@id\":\"https:\/\/falk-toys.pycofa.fr\/en\/product\/komatsu-pedal-backhoe-with-excavator-and-trailer\/#primaryimage\"},\"image\":{\"@id\":\"https:\/\/falk-toys.pycofa.fr\/en\/product\/komatsu-pedal-backhoe-with-excavator-and-trailer\/#primaryimage\"},\"thumbnailUrl\":\"https:\/\/falk-toys.pycofa.fr\/wp-content\/uploads\/2024\/10\/tractopelle-komatsu-remorque-remorque-2076n-1.jpg.jpg\",\"datePublished\":\"2024-10-08T09:40:47+00:00\",\"dateModified\":\"2024-10-08T09:41:07+00:00\",\"breadcrumb\":{\"@id\":\"https:\/\/falk-toys.pycofa.fr\/en\/product\/komatsu-pedal-backhoe-with-excavator-and-trailer\/#breadcrumb\"},\"inLanguage\":\"en-US\",\"potentialAction\":[{\"@type\":\"ReadAction\",\"target\":[\"https:\/\/falk-toys.pycofa.fr\/en\/product\/komatsu-pedal-backhoe-with-excavator-and-trailer\/\"]}]},{\"@type\":\"ImageObject\",\"inLanguage\":\"en-US\",\"@id\":\"https:\/\/falk-toys.pycofa.fr\/en\/product\/komatsu-pedal-backhoe-with-excavator-and-trailer\/#primaryimage\",\"url\":\"https:\/\/falk-toys.pycofa.fr\/wp-content\/uploads\/2024\/10\/tractopelle-komatsu-remorque-remorque-2076n-1.jpg.jpg\",\"contentUrl\":\"https:\/\/falk-toys.pycofa.fr\/wp-content\/uploads\/2024\/10\/tractopelle-komatsu-remorque-remorque-2076n-1.jpg.jpg\",\"width\":800,\"height\":800,\"caption\":\"Tractopelle \u00e0 p\u00e9dales Komatsu avec excavatrice arri\u00e8re et remorque\"},{\"@type\":\"BreadcrumbList\",\"@id\":\"https:\/\/falk-toys.pycofa.fr\/en\/product\/komatsu-pedal-backhoe-with-excavator-and-trailer\/#breadcrumb\",\"itemListElement\":[{\"@type\":\"ListItem\",\"position\":1,\"name\":\"Home\",\"item\":\"https:\/\/falk-toys.pycofa.fr\/en\/\"},{\"@type\":\"ListItem\",\"position\":2,\"name\":\"Shop\",\"item\":\"https:\/\/falk-toys.pycofa.fr\/en\/shop\/\"},{\"@type\":\"ListItem\",\"position\":3,\"name\":\"Komatsu pedal backhoe with excavator and trailer\"}]},{\"@type\":\"WebSite\",\"@id\":\"https:\/\/falk-toys.pycofa.fr\/en\/#website\",\"url\":\"https:\/\/falk-toys.pycofa.fr\/en\/\",\"name\":\"FALK - Toys that rolls\",\"description\":\"Jouets fabriqu\u00e9s en France\",\"publisher\":{\"@id\":\"https:\/\/falk-toys.pycofa.fr\/en\/#organization\"},\"potentialAction\":[{\"@type\":\"SearchAction\",\"target\":{\"@type\":\"EntryPoint\",\"urlTemplate\":\"https:\/\/falk-toys.pycofa.fr\/en\/?s={search_term_string}\"},\"query-input\":{\"@type\":\"PropertyValueSpecification\",\"valueRequired\":true,\"valueName\":\"search_term_string\"}}],\"inLanguage\":\"en-US\"},{\"@type\":\"Organization\",\"@id\":\"https:\/\/falk-toys.pycofa.fr\/en\/#organization\",\"name\":\"Falk Toys\",\"url\":\"https:\/\/falk-toys.pycofa.fr\/en\/\",\"logo\":{\"@type\":\"ImageObject\",\"inLanguage\":\"en-US\",\"@id\":\"https:\/\/falk-toys.pycofa.fr\/en\/#\/schema\/logo\/image\/\",\"url\":\"https:\/\/falk-toys.pycofa.fr\/wp-content\/uploads\/2019\/12\/falk-logo@2x.png\",\"contentUrl\":\"https:\/\/falk-toys.pycofa.fr\/wp-content\/uploads\/2019\/12\/falk-logo@2x.png\",\"width\":436,\"height\":351,\"caption\":\"Falk Toys\"},\"image\":{\"@id\":\"https:\/\/falk-toys.pycofa.fr\/en\/#\/schema\/logo\/image\/\"},\"sameAs\":[\"https:\/\/www.facebook.com\/FalkFR\/\",\"https:\/\/www.instagram.com\/falk_toys\/\",\"https:\/\/www.youtube.com\/channel\/UCKZXf1_E8UsPhjAQo-Y5vlg\"]}]}<\/script>\n<meta property=\"product:price:amount\" content=\"134.99\" \/>\n<meta property=\"product:price:currency\" content=\"EUR\" \/>\n<meta property=\"og:availability\" content=\"instock\" \/>\n<meta property=\"product:availability\" content=\"instock\" \/>\n<meta property=\"product:retailer_item_id\" content=\"2076N\" \/>\n<meta property=\"product:condition\" content=\"new\" \/>\n<!-- \/ Yoast SEO Premium plugin. -->","yoast_head_json":{"title":"Komatsu pedal backhoe with excavator and trailer | FALK - Toys that rolls","robots":{"index":"noindex","follow":"follow","max-snippet":"max-snippet:-1","max-image-preview":"max-image-preview:large","max-video-preview":"max-video-preview:-1"},"og_locale":"en_US","og_type":"article","og_title":"Komatsu pedal backhoe with excavator and trailer","og_description":"Komatsu pedal backhoe with front shovel and fully articulated rear excavator and trailer included - 100% Made in France - Contains 30% recycled plastic - From 2 years.","og_url":"https:\/\/falk-toys.pycofa.fr\/en\/product\/komatsu-pedal-backhoe-with-excavator-and-trailer\/","og_site_name":"FALK - Toys that rolls","article_publisher":"https:\/\/www.facebook.com\/FalkFR\/","article_modified_time":"2024-10-08T09:41:07+00:00","og_image":[{"width":800,"height":800,"url":"https:\/\/falk-toys.pycofa.fr\/wp-content\/uploads\/2024\/10\/tractopelle-komatsu-remorque-remorque-2076n-1.jpg.jpg","type":"image\/jpeg"}],"twitter_card":"summary_large_image","twitter_misc":{"Price":"134,99&euro;","Availability":"In stock"},"schema":{"@context":"https:\/\/schema.org","@graph":[{"@type":"WebPage","@id":"https:\/\/falk-toys.pycofa.fr\/en\/product\/komatsu-pedal-backhoe-with-excavator-and-trailer\/","url":"https:\/\/falk-toys.pycofa.fr\/en\/product\/komatsu-pedal-backhoe-with-excavator-and-trailer\/","name":"Komatsu pedal backhoe with excavator and trailer | FALK - Toys that rolls","isPartOf":{"@id":"https:\/\/falk-toys.pycofa.fr\/en\/#website"},"primaryImageOfPage":{"@id":"https:\/\/falk-toys.pycofa.fr\/en\/product\/komatsu-pedal-backhoe-with-excavator-and-trailer\/#primaryimage"},"image":{"@id":"https:\/\/falk-toys.pycofa.fr\/en\/product\/komatsu-pedal-backhoe-with-excavator-and-trailer\/#primaryimage"},"thumbnailUrl":"https:\/\/falk-toys.pycofa.fr\/wp-content\/uploads\/2024\/10\/tractopelle-komatsu-remorque-remorque-2076n-1.jpg.jpg","datePublished":"2024-10-08T09:40:47+00:00","dateModified":"2024-10-08T09:41:07+00:00","breadcrumb":{"@id":"https:\/\/falk-toys.pycofa.fr\/en\/product\/komatsu-pedal-backhoe-with-excavator-and-trailer\/#breadcrumb"},"inLanguage":"en-US","potentialAction":[{"@type":"ReadAction","target":["https:\/\/falk-toys.pycofa.fr\/en\/product\/komatsu-pedal-backhoe-with-excavator-and-trailer\/"]}]},{"@type":"ImageObject","inLanguage":"en-US","@id":"https:\/\/falk-toys.pycofa.fr\/en\/product\/komatsu-pedal-backhoe-with-excavator-and-trailer\/#primaryimage","url":"https:\/\/falk-toys.pycofa.fr\/wp-content\/uploads\/2024\/10\/tractopelle-komatsu-remorque-remorque-2076n-1.jpg.jpg","contentUrl":"https:\/\/falk-toys.pycofa.fr\/wp-content\/uploads\/2024\/10\/tractopelle-komatsu-remorque-remorque-2076n-1.jpg.jpg","width":800,"height":800,"caption":"Tractopelle \u00e0 p\u00e9dales Komatsu avec excavatrice arri\u00e8re et remorque"},{"@type":"BreadcrumbList","@id":"https:\/\/falk-toys.pycofa.fr\/en\/product\/komatsu-pedal-backhoe-with-excavator-and-trailer\/#breadcrumb","itemListElement":[{"@type":"ListItem","position":1,"name":"Home","item":"https:\/\/falk-toys.pycofa.fr\/en\/"},{"@type":"ListItem","position":2,"name":"Shop","item":"https:\/\/falk-toys.pycofa.fr\/en\/shop\/"},{"@type":"ListItem","position":3,"name":"Komatsu pedal backhoe with excavator and trailer"}]},{"@type":"WebSite","@id":"https:\/\/falk-toys.pycofa.fr\/en\/#website","url":"https:\/\/falk-toys.pycofa.fr\/en\/","name":"FALK - Toys that rolls","description":"Jouets fabriqu\u00e9s en France","publisher":{"@id":"https:\/\/falk-toys.pycofa.fr\/en\/#organization"},"potentialAction":[{"@type":"SearchAction","target":{"@type":"EntryPoint","urlTemplate":"https:\/\/falk-toys.pycofa.fr\/en\/?s={search_term_string}"},"query-input":{"@type":"PropertyValueSpecification","valueRequired":true,"valueName":"search_term_string"}}],"inLanguage":"en-US"},{"@type":"Organization","@id":"https:\/\/falk-toys.pycofa.fr\/en\/#organization","name":"Falk Toys","url":"https:\/\/falk-toys.pycofa.fr\/en\/","logo":{"@type":"ImageObject","inLanguage":"en-US","@id":"https:\/\/falk-toys.pycofa.fr\/en\/#\/schema\/logo\/image\/","url":"https:\/\/falk-toys.pycofa.fr\/wp-content\/uploads\/2019\/12\/falk-logo@2x.png","contentUrl":"https:\/\/falk-toys.pycofa.fr\/wp-content\/uploads\/2019\/12\/falk-logo@2x.png","width":436,"height":351,"caption":"Falk Toys"},"image":{"@id":"https:\/\/falk-toys.pycofa.fr\/en\/#\/schema\/logo\/image\/"},"sameAs":["https:\/\/www.facebook.com\/FalkFR\/","https:\/\/www.instagram.com\/falk_toys\/","https:\/\/www.youtube.com\/channel\/UCKZXf1_E8UsPhjAQo-Y5vlg"]}]},"product_price_amount":"134.99","product_price_currency":"EUR","og_availability":"instock","product_availability":"instock","product_retailer_item_id":"2076N","product_condition":"new"},"_links":{"self":[{"href":"https:\/\/falk-toys.pycofa.fr\/en\/wp-json\/wp\/v2\/product\/22429","targetHints":{"allow":["GET"]}}],"collection":[{"href":"https:\/\/falk-toys.pycofa.fr\/en\/wp-json\/wp\/v2\/product"}],"about":[{"href":"https:\/\/falk-toys.pycofa.fr\/en\/wp-json\/wp\/v2\/types\/product"}],"replies":[{"embeddable":true,"href":"https:\/\/falk-toys.pycofa.fr\/en\/wp-json\/wp\/v2\/comments?post=22429"}],"wp:featuredmedia":[{"embeddable":true,"href":"https:\/\/falk-toys.pycofa.fr\/en\/wp-json\/wp\/v2\/media\/22972"}],"wp:attachment":[{"href":"https:\/\/falk-toys.pycofa.fr\/en\/wp-json\/wp\/v2\/media?parent=22429"}],"wp:term":[{"taxonomy":"product_brand","embeddable":true,"href":"https:\/\/falk-toys.pycofa.fr\/en\/wp-json\/wp\/v2\/product_brand?post=22429"},{"taxonomy":"product_cat","embeddable":true,"href":"https:\/\/falk-toys.pycofa.fr\/en\/wp-json\/wp\/v2\/product_cat?post=22429"},{"taxonomy":"product_tag","embeddable":true,"href":"https:\/\/falk-toys.pycofa.fr\/en\/wp-json\/wp\/v2\/product_tag?post=22429"}],"curies":[{"name":"wp","href":"https:\/\/api.w.org\/{rel}","templated":true}]}}