{"id":1421,"date":"2019-12-13T20:28:55","date_gmt":"2019-12-13T20:28:55","guid":{"rendered":"https:\/\/falk-toys.com\/servicio-postventa\/"},"modified":"2021-09-07T11:33:23","modified_gmt":"2021-09-07T11:33:23","slug":"servicio-postventa","status":"publish","type":"page","link":"https:\/\/falk-toys.pycofa.fr\/es\/servicio-postventa\/","title":{"rendered":"SERVICIO POSTVENTA"},"content":{"rendered":"\t\t<div data-elementor-type=\"wp-page\" data-elementor-id=\"1421\" class=\"elementor elementor-1421 elementor-141\" data-elementor-post-type=\"page\">\n\t\t\t\t\t\t<section class=\"elementor-section elementor-top-section elementor-element elementor-element-16c62e61 elementor-hidden-desktop elementor-hidden-tablet elementor-hidden-phone elementor-section-boxed elementor-section-height-default elementor-section-height-default\" data-id=\"16c62e61\" data-element_type=\"section\" data-settings=\"{&quot;background_background&quot;:&quot;classic&quot;}\">\n\t\t\t\t\t\t<div class=\"elementor-container elementor-column-gap-default\">\n\t\t\t\t\t<div class=\"elementor-column elementor-col-100 elementor-top-column elementor-element elementor-element-504be9e6\" data-id=\"504be9e6\" data-element_type=\"column\">\n\t\t\t<div class=\"elementor-widget-wrap elementor-element-populated\">\n\t\t\t\t\t\t<div class=\"elementor-element elementor-element-1efd1733 elementor-position-left elementor-view-default elementor-mobile-position-top elementor-vertical-align-top elementor-widget elementor-widget-icon-box\" data-id=\"1efd1733\" data-element_type=\"widget\" data-widget_type=\"icon-box.default\">\n\t\t\t\t<div class=\"elementor-widget-container\">\n\t\t\t\t\t\t\t<div class=\"elementor-icon-box-wrapper\">\n\n\t\t\t\t\t\t<div class=\"elementor-icon-box-icon\">\n\t\t\t\t<span  class=\"elementor-icon\">\n\t\t\t\t<i aria-hidden=\"true\" class=\"far fa-snowflake\"><\/i>\t\t\t\t<\/span>\n\t\t\t<\/div>\n\t\t\t\n\t\t\t\t\t\t<div class=\"elementor-icon-box-content\">\n\n\t\t\t\t\t\t\t\t\t<h2 class=\"elementor-icon-box-title\">\n\t\t\t\t\t\t<span  >\n\t\t\t\t\t\t\tvacaciones de invierno\t\t\t\t\t\t<\/span>\n\t\t\t\t\t<\/h2>\n\t\t\t\t\n\t\t\t\t\t\t\t\t\t<p class=\"elementor-icon-box-description\">\n\t\t\t\t\t\t\nEstimados clientes, la compa\u00f1\u00eda permanecer\u00e1 cerrada 23 de diciembre de 2020 al 11 de enero de 2021.<br>\nPara garantizar un seguimiento \u00f3ptimo de sus solicitudes de servicio postventa, le recomendamos que realice sus solicitudes a partir del 11 de enero de 2021.<br>\n\n\u00a1Feliz a\u00f1o nuevo a todos!\t\t\t\t\t<\/p>\n\t\t\t\t\n\t\t\t<\/div>\n\t\t\t\n\t\t<\/div>\n\t\t\t\t\t\t<\/div>\n\t\t\t\t<\/div>\n\t\t\t\t\t<\/div>\n\t\t<\/div>\n\t\t\t\t\t<\/div>\n\t\t<\/section>\n\t\t\t\t<section class=\"elementor-section elementor-top-section elementor-element elementor-element-b12bf6b elementor-hidden-desktop elementor-hidden-tablet elementor-hidden-phone elementor-section-boxed elementor-section-height-default elementor-section-height-default\" data-id=\"b12bf6b\" data-element_type=\"section\" data-settings=\"{&quot;background_background&quot;:&quot;classic&quot;}\">\n\t\t\t\t\t\t<div class=\"elementor-container elementor-column-gap-default\">\n\t\t\t\t\t<div class=\"elementor-column elementor-col-100 elementor-top-column elementor-element elementor-element-827c819\" data-id=\"827c819\" data-element_type=\"column\">\n\t\t\t<div class=\"elementor-widget-wrap elementor-element-populated\">\n\t\t\t\t\t\t<div class=\"elementor-element elementor-element-6a960ab elementor-position-left elementor-view-default elementor-mobile-position-top elementor-vertical-align-top elementor-widget elementor-widget-icon-box\" data-id=\"6a960ab\" data-element_type=\"widget\" data-widget_type=\"icon-box.default\">\n\t\t\t\t<div class=\"elementor-widget-container\">\n\t\t\t\t\t\t\t<div class=\"elementor-icon-box-wrapper\">\n\n\t\t\t\t\t\t<div class=\"elementor-icon-box-icon\">\n\t\t\t\t<span  class=\"elementor-icon\">\n\t\t\t\t<i aria-hidden=\"true\" class=\"far fa-sun\"><\/i>\t\t\t\t<\/span>\n\t\t\t<\/div>\n\t\t\t\n\t\t\t\t\t\t<div class=\"elementor-icon-box-content\">\n\n\t\t\t\t\t\t\t\t\t<h2 class=\"elementor-icon-box-title\">\n\t\t\t\t\t\t<span  >\n\t\t\t\t\t\t\tvacaciones de verano\t\t\t\t\t\t<\/span>\n\t\t\t\t\t<\/h2>\n\t\t\t\t\n\t\t\t\t\t\t\t\t\t<p class=\"elementor-icon-box-description\">\n\t\t\t\t\t\tLa empresa est\u00e1 cerrada por vacaciones de verano. Las solicitudes de servicio posventa recibidas entre el 30\/07 y el 30\/08 se tramitar\u00e1n en cuanto volvamos a abrir. Gracias de antemano por su paciencia.\t\t\t\t\t<\/p>\n\t\t\t\t\n\t\t\t<\/div>\n\t\t\t\n\t\t<\/div>\n\t\t\t\t\t\t<\/div>\n\t\t\t\t<\/div>\n\t\t\t\t\t<\/div>\n\t\t<\/div>\n\t\t\t\t\t<\/div>\n\t\t<\/section>\n\t\t\t\t<section class=\"elementor-section elementor-top-section elementor-element elementor-element-2c458cdc elementor-section-boxed elementor-section-height-default elementor-section-height-default\" data-id=\"2c458cdc\" data-element_type=\"section\" data-settings=\"{&quot;background_background&quot;:&quot;classic&quot;}\">\n\t\t\t\t\t\t<div class=\"elementor-container elementor-column-gap-default\">\n\t\t\t\t\t<div class=\"elementor-column elementor-col-100 elementor-top-column elementor-element elementor-element-600719f9\" data-id=\"600719f9\" data-element_type=\"column\">\n\t\t\t<div class=\"elementor-widget-wrap elementor-element-populated\">\n\t\t\t\t\t\t<section class=\"elementor-section elementor-inner-section elementor-element elementor-element-270f64fc elementor-section-boxed elementor-section-height-default elementor-section-height-default\" data-id=\"270f64fc\" data-element_type=\"section\" data-settings=\"{&quot;background_background&quot;:&quot;classic&quot;}\">\n\t\t\t\t\t\t<div class=\"elementor-container elementor-column-gap-default\">\n\t\t\t\t\t<div class=\"elementor-column elementor-col-100 elementor-inner-column elementor-element elementor-element-46f17f2c\" data-id=\"46f17f2c\" data-element_type=\"column\">\n\t\t\t<div class=\"elementor-widget-wrap elementor-element-populated\">\n\t\t\t\t\t\t<div class=\"elementor-element elementor-element-419e25f9 elementor-widget elementor-widget-heading\" data-id=\"419e25f9\" data-element_type=\"widget\" data-widget_type=\"heading.default\">\n\t\t\t\t<div class=\"elementor-widget-container\">\n\t\t\t\t\t<h1 class=\"elementor-heading-title elementor-size-default\">SERVICIO POSTVENTA<\/h1>\t\t\t\t<\/div>\n\t\t\t\t<\/div>\n\t\t\t\t\t<\/div>\n\t\t<\/div>\n\t\t\t\t\t<\/div>\n\t\t<\/section>\n\t\t\t\t<section class=\"elementor-section elementor-inner-section elementor-element elementor-element-7defb023 elementor-section-boxed elementor-section-height-default elementor-section-height-default\" data-id=\"7defb023\" data-element_type=\"section\" data-settings=\"{&quot;background_background&quot;:&quot;classic&quot;}\">\n\t\t\t\t\t\t<div class=\"elementor-container elementor-column-gap-default\">\n\t\t\t\t\t<div class=\"elementor-column elementor-col-100 elementor-inner-column elementor-element elementor-element-1e5c428\" data-id=\"1e5c428\" data-element_type=\"column\">\n\t\t\t<div class=\"elementor-widget-wrap elementor-element-populated\">\n\t\t\t\t\t\t<div class=\"elementor-element elementor-element-cabdf2d elementor-widget elementor-widget-heading\" data-id=\"cabdf2d\" data-element_type=\"widget\" data-widget_type=\"heading.default\">\n\t\t\t\t<div class=\"elementor-widget-container\">\n\t\t\t\t\t<h3 class=\"elementor-heading-title elementor-size-default\">\u00bfUn problema con uno de nuestros juguetes? <br>\n\u00a1 Tranquilo ! Complete este formulario y env\u00edenoslo, nosotros nos encargamos del resto.<\/h3>\t\t\t\t<\/div>\n\t\t\t\t<\/div>\n\t\t\t\t<div class=\"elementor-element elementor-element-3e1a4d01 elementor-widget elementor-widget-html\" data-id=\"3e1a4d01\" data-element_type=\"widget\" data-widget_type=\"html.default\">\n\t\t\t\t<div class=\"elementor-widget-container\">\n\t\t\t\t\t<form id=\"forminator-module-4867\" class=\"forminator-custom-form forminator-custom-form-4867\" method=\"post\" data-forminator-render=\"0\" data-uid=\"69e1f8a83d993\"><div role=\"alert\" aria-live=\"polite\" class=\"forminator-response-message forminator-error\" aria-hidden=\"true\"><\/div><\/form>\t\t\t\t<\/div>\n\t\t\t\t<\/div>\n\t\t\t\t<div class=\"elementor-element elementor-element-7ce36595 elementor-absolute elementor-widget elementor-widget-image\" data-id=\"7ce36595\" data-element_type=\"widget\" data-settings=\"{&quot;_position&quot;:&quot;absolute&quot;}\" data-widget_type=\"image.default\">\n\t\t\t\t<div class=\"elementor-widget-container\">\n\t\t\t\t\t\t\t\t\t\t\t\t\t\t\t<img decoding=\"async\" width=\"55\" height=\"53\" src=\"https:\/\/falk-toys.pycofa.fr\/wp-content\/uploads\/2019\/12\/falk-boulon.png\" class=\"attachment-full size-full wp-image-683\" alt=\"boulon blanc\" \/>\t\t\t\t\t\t\t\t\t\t\t\t\t\t\t<\/div>\n\t\t\t\t<\/div>\n\t\t\t\t\t<\/div>\n\t\t<\/div>\n\t\t\t\t\t<\/div>\n\t\t<\/section>\n\t\t\t\t\t<\/div>\n\t\t<\/div>\n\t\t\t\t\t<\/div>\n\t\t<\/section>\n\t\t\t\t<\/div>\n\t\t","protected":false},"excerpt":{"rendered":"<p>vacaciones de invierno Estimados clientes, la compa\u00f1\u00eda permanecer\u00e1 cerrada 23 de diciembre de 2020 al 11 de enero de 2021. Para garantizar un seguimiento \u00f3ptimo de sus solicitudes de servicio postventa, le recomendamos que realice sus solicitudes a partir del 11 de enero de 2021. \u00a1Feliz a\u00f1o nuevo a todos! vacaciones de verano La empresa [&hellip;]<\/p>\n","protected":false},"author":1,"featured_media":0,"parent":0,"menu_order":0,"comment_status":"closed","ping_status":"closed","template":"","meta":{"_acf_changed":false,"site-sidebar-layout":"no-sidebar","site-content-layout":"page-builder","ast-site-content-layout":"","site-content-style":"default","site-sidebar-style":"default","ast-global-header-display":"","ast-banner-title-visibility":"","ast-main-header-display":"","ast-hfb-above-header-display":"","ast-hfb-below-header-display":"","ast-hfb-mobile-header-display":"","site-post-title":"disabled","ast-breadcrumbs-content":"","ast-featured-img":"disabled","footer-sml-layout":"","theme-transparent-header-meta":"default","adv-header-id-meta":"","stick-header-meta":"","header-above-stick-meta":"","header-main-stick-meta":"","header-below-stick-meta":"","astra-migrate-meta-layouts":"default","ast-page-background-enabled":"default","ast-page-background-meta":{"desktop":{"background-color":"","background-image":"","background-repeat":"repeat","background-position":"center center","background-size":"auto","background-attachment":"scroll","background-type":"","background-media":"","overlay-type":"","overlay-color":"","overlay-opacity":"","overlay-gradient":""},"tablet":{"background-color":"","background-image":"","background-repeat":"repeat","background-position":"center center","background-size":"auto","background-attachment":"scroll","background-type":"","background-media":"","overlay-type":"","overlay-color":"","overlay-opacity":"","overlay-gradient":""},"mobile":{"background-color":"","background-image":"","background-repeat":"repeat","background-position":"center center","background-size":"auto","background-attachment":"scroll","background-type":"","background-media":"","overlay-type":"","overlay-color":"","overlay-opacity":"","overlay-gradient":""}},"ast-content-background-meta":{"desktop":{"background-color":"var(--ast-global-color-5)","background-image":"","background-repeat":"repeat","background-position":"center center","background-size":"auto","background-attachment":"scroll","background-type":"","background-media":"","overlay-type":"","overlay-color":"","overlay-opacity":"","overlay-gradient":""},"tablet":{"background-color":"var(--ast-global-color-5)","background-image":"","background-repeat":"repeat","background-position":"center center","background-size":"auto","background-attachment":"scroll","background-type":"","background-media":"","overlay-type":"","overlay-color":"","overlay-opacity":"","overlay-gradient":""},"mobile":{"background-color":"var(--ast-global-color-5)","background-image":"","background-repeat":"repeat","background-position":"center center","background-size":"auto","background-attachment":"scroll","background-type":"","background-media":"","overlay-type":"","overlay-color":"","overlay-opacity":"","overlay-gradient":""}},"footnotes":""},"class_list":["post-1421","page","type-page","status-publish","hentry"],"acf":[],"yoast_head":"<!-- This site is optimized with the Yoast SEO Premium plugin v25.0 (Yoast SEO v25.1) - https:\/\/yoast.com\/wordpress\/plugins\/seo\/ -->\n<title>Servicio postventa | FALK - Toys that rolls<\/title>\n<meta name=\"description\" content=\"Servicio postventa: complete este formulario y env\u00edanoslo, \u00a1Falk Toys se encarga del resto!\" \/>\n<meta name=\"robots\" content=\"noindex, follow, max-snippet:-1, max-image-preview:large, max-video-preview:-1\" \/>\n<meta property=\"og:locale\" content=\"es_ES\" \/>\n<meta property=\"og:type\" content=\"article\" \/>\n<meta property=\"og:title\" content=\"SERVICIO POSTVENTA\" \/>\n<meta property=\"og:description\" content=\"Servicio postventa: complete este formulario y env\u00edanoslo, \u00a1Falk Toys se encarga del resto!\" \/>\n<meta property=\"og:url\" content=\"https:\/\/falk-toys.pycofa.fr\/es\/servicio-postventa\/\" \/>\n<meta property=\"og:site_name\" content=\"FALK - Toys that rolls\" \/>\n<meta property=\"article:publisher\" content=\"https:\/\/www.facebook.com\/FalkFR\/\" \/>\n<meta property=\"article:modified_time\" content=\"2021-09-07T11:33:23+00:00\" \/>\n<meta property=\"og:image\" content=\"https:\/\/falk-toys.pycofa.fr\/wp-content\/uploads\/2019\/12\/falk-boulon.png\" \/>\n<meta name=\"twitter:card\" content=\"summary_large_image\" \/>\n<meta name=\"twitter:label1\" content=\"Tiempo de lectura\" \/>\n\t<meta name=\"twitter:data1\" content=\"1 minuto\" \/>\n<script type=\"application\/ld+json\" class=\"yoast-schema-graph\">{\"@context\":\"https:\/\/schema.org\",\"@graph\":[{\"@type\":\"WebPage\",\"@id\":\"https:\/\/falk-toys.pycofa.fr\/es\/servicio-postventa\/\",\"url\":\"https:\/\/falk-toys.pycofa.fr\/es\/servicio-postventa\/\",\"name\":\"Servicio postventa | FALK - Toys that rolls\",\"isPartOf\":{\"@id\":\"https:\/\/falk-toys.pycofa.fr\/es\/#website\"},\"primaryImageOfPage\":{\"@id\":\"https:\/\/falk-toys.pycofa.fr\/es\/servicio-postventa\/#primaryimage\"},\"image\":{\"@id\":\"https:\/\/falk-toys.pycofa.fr\/es\/servicio-postventa\/#primaryimage\"},\"thumbnailUrl\":\"https:\/\/falk-toys.pycofa.fr\/wp-content\/uploads\/2019\/12\/falk-boulon.png\",\"datePublished\":\"2019-12-13T20:28:55+00:00\",\"dateModified\":\"2021-09-07T11:33:23+00:00\",\"description\":\"Servicio postventa: complete este formulario y env\u00edanoslo, \u00a1Falk Toys se encarga del resto!\",\"breadcrumb\":{\"@id\":\"https:\/\/falk-toys.pycofa.fr\/es\/servicio-postventa\/#breadcrumb\"},\"inLanguage\":\"es\",\"potentialAction\":[{\"@type\":\"ReadAction\",\"target\":[\"https:\/\/falk-toys.pycofa.fr\/es\/servicio-postventa\/\"]}]},{\"@type\":\"ImageObject\",\"inLanguage\":\"es\",\"@id\":\"https:\/\/falk-toys.pycofa.fr\/es\/servicio-postventa\/#primaryimage\",\"url\":\"https:\/\/falk-toys.pycofa.fr\/wp-content\/uploads\/2019\/12\/falk-boulon.png\",\"contentUrl\":\"https:\/\/falk-toys.pycofa.fr\/wp-content\/uploads\/2019\/12\/falk-boulon.png\"},{\"@type\":\"BreadcrumbList\",\"@id\":\"https:\/\/falk-toys.pycofa.fr\/es\/servicio-postventa\/#breadcrumb\",\"itemListElement\":[{\"@type\":\"ListItem\",\"position\":1,\"name\":\"Home\",\"item\":\"https:\/\/falk-toys.pycofa.fr\/es\/\"},{\"@type\":\"ListItem\",\"position\":2,\"name\":\"SERVICIO POSTVENTA\"}]},{\"@type\":\"WebSite\",\"@id\":\"https:\/\/falk-toys.pycofa.fr\/es\/#website\",\"url\":\"https:\/\/falk-toys.pycofa.fr\/es\/\",\"name\":\"FALK - Toys that rolls\",\"description\":\"Jouets fabriqu\u00e9s en France\",\"publisher\":{\"@id\":\"https:\/\/falk-toys.pycofa.fr\/es\/#organization\"},\"potentialAction\":[{\"@type\":\"SearchAction\",\"target\":{\"@type\":\"EntryPoint\",\"urlTemplate\":\"https:\/\/falk-toys.pycofa.fr\/es\/?s={search_term_string}\"},\"query-input\":{\"@type\":\"PropertyValueSpecification\",\"valueRequired\":true,\"valueName\":\"search_term_string\"}}],\"inLanguage\":\"es\"},{\"@type\":\"Organization\",\"@id\":\"https:\/\/falk-toys.pycofa.fr\/es\/#organization\",\"name\":\"Falk Toys\",\"url\":\"https:\/\/falk-toys.pycofa.fr\/es\/\",\"logo\":{\"@type\":\"ImageObject\",\"inLanguage\":\"es\",\"@id\":\"https:\/\/falk-toys.pycofa.fr\/es\/#\/schema\/logo\/image\/\",\"url\":\"https:\/\/falk-toys.pycofa.fr\/wp-content\/uploads\/2019\/12\/falk-logo@2x.png\",\"contentUrl\":\"https:\/\/falk-toys.pycofa.fr\/wp-content\/uploads\/2019\/12\/falk-logo@2x.png\",\"width\":436,\"height\":351,\"caption\":\"Falk Toys\"},\"image\":{\"@id\":\"https:\/\/falk-toys.pycofa.fr\/es\/#\/schema\/logo\/image\/\"},\"sameAs\":[\"https:\/\/www.facebook.com\/FalkFR\/\",\"https:\/\/www.instagram.com\/falk_toys\/\",\"https:\/\/www.youtube.com\/channel\/UCKZXf1_E8UsPhjAQo-Y5vlg\"]}]}<\/script>\n<!-- \/ Yoast SEO Premium plugin. -->","yoast_head_json":{"title":"Servicio postventa | FALK - Toys that rolls","description":"Servicio postventa: complete este formulario y env\u00edanoslo, \u00a1Falk Toys se encarga del resto!","robots":{"index":"noindex","follow":"follow","max-snippet":"max-snippet:-1","max-image-preview":"max-image-preview:large","max-video-preview":"max-video-preview:-1"},"og_locale":"es_ES","og_type":"article","og_title":"SERVICIO POSTVENTA","og_description":"Servicio postventa: complete este formulario y env\u00edanoslo, \u00a1Falk Toys se encarga del resto!","og_url":"https:\/\/falk-toys.pycofa.fr\/es\/servicio-postventa\/","og_site_name":"FALK - Toys that rolls","article_publisher":"https:\/\/www.facebook.com\/FalkFR\/","article_modified_time":"2021-09-07T11:33:23+00:00","og_image":[{"url":"https:\/\/falk-toys.pycofa.fr\/wp-content\/uploads\/2019\/12\/falk-boulon.png","type":"","width":"","height":""}],"twitter_card":"summary_large_image","twitter_misc":{"Tiempo de lectura":"1 minuto"},"schema":{"@context":"https:\/\/schema.org","@graph":[{"@type":"WebPage","@id":"https:\/\/falk-toys.pycofa.fr\/es\/servicio-postventa\/","url":"https:\/\/falk-toys.pycofa.fr\/es\/servicio-postventa\/","name":"Servicio postventa | FALK - Toys that rolls","isPartOf":{"@id":"https:\/\/falk-toys.pycofa.fr\/es\/#website"},"primaryImageOfPage":{"@id":"https:\/\/falk-toys.pycofa.fr\/es\/servicio-postventa\/#primaryimage"},"image":{"@id":"https:\/\/falk-toys.pycofa.fr\/es\/servicio-postventa\/#primaryimage"},"thumbnailUrl":"https:\/\/falk-toys.pycofa.fr\/wp-content\/uploads\/2019\/12\/falk-boulon.png","datePublished":"2019-12-13T20:28:55+00:00","dateModified":"2021-09-07T11:33:23+00:00","description":"Servicio postventa: complete este formulario y env\u00edanoslo, \u00a1Falk Toys se encarga del resto!","breadcrumb":{"@id":"https:\/\/falk-toys.pycofa.fr\/es\/servicio-postventa\/#breadcrumb"},"inLanguage":"es","potentialAction":[{"@type":"ReadAction","target":["https:\/\/falk-toys.pycofa.fr\/es\/servicio-postventa\/"]}]},{"@type":"ImageObject","inLanguage":"es","@id":"https:\/\/falk-toys.pycofa.fr\/es\/servicio-postventa\/#primaryimage","url":"https:\/\/falk-toys.pycofa.fr\/wp-content\/uploads\/2019\/12\/falk-boulon.png","contentUrl":"https:\/\/falk-toys.pycofa.fr\/wp-content\/uploads\/2019\/12\/falk-boulon.png"},{"@type":"BreadcrumbList","@id":"https:\/\/falk-toys.pycofa.fr\/es\/servicio-postventa\/#breadcrumb","itemListElement":[{"@type":"ListItem","position":1,"name":"Home","item":"https:\/\/falk-toys.pycofa.fr\/es\/"},{"@type":"ListItem","position":2,"name":"SERVICIO POSTVENTA"}]},{"@type":"WebSite","@id":"https:\/\/falk-toys.pycofa.fr\/es\/#website","url":"https:\/\/falk-toys.pycofa.fr\/es\/","name":"FALK - Toys that rolls","description":"Jouets fabriqu\u00e9s en France","publisher":{"@id":"https:\/\/falk-toys.pycofa.fr\/es\/#organization"},"potentialAction":[{"@type":"SearchAction","target":{"@type":"EntryPoint","urlTemplate":"https:\/\/falk-toys.pycofa.fr\/es\/?s={search_term_string}"},"query-input":{"@type":"PropertyValueSpecification","valueRequired":true,"valueName":"search_term_string"}}],"inLanguage":"es"},{"@type":"Organization","@id":"https:\/\/falk-toys.pycofa.fr\/es\/#organization","name":"Falk Toys","url":"https:\/\/falk-toys.pycofa.fr\/es\/","logo":{"@type":"ImageObject","inLanguage":"es","@id":"https:\/\/falk-toys.pycofa.fr\/es\/#\/schema\/logo\/image\/","url":"https:\/\/falk-toys.pycofa.fr\/wp-content\/uploads\/2019\/12\/falk-logo@2x.png","contentUrl":"https:\/\/falk-toys.pycofa.fr\/wp-content\/uploads\/2019\/12\/falk-logo@2x.png","width":436,"height":351,"caption":"Falk Toys"},"image":{"@id":"https:\/\/falk-toys.pycofa.fr\/es\/#\/schema\/logo\/image\/"},"sameAs":["https:\/\/www.facebook.com\/FalkFR\/","https:\/\/www.instagram.com\/falk_toys\/","https:\/\/www.youtube.com\/channel\/UCKZXf1_E8UsPhjAQo-Y5vlg"]}]}},"_links":{"self":[{"href":"https:\/\/falk-toys.pycofa.fr\/es\/wp-json\/wp\/v2\/pages\/1421","targetHints":{"allow":["GET"]}}],"collection":[{"href":"https:\/\/falk-toys.pycofa.fr\/es\/wp-json\/wp\/v2\/pages"}],"about":[{"href":"https:\/\/falk-toys.pycofa.fr\/es\/wp-json\/wp\/v2\/types\/page"}],"author":[{"embeddable":true,"href":"https:\/\/falk-toys.pycofa.fr\/es\/wp-json\/wp\/v2\/users\/1"}],"replies":[{"embeddable":true,"href":"https:\/\/falk-toys.pycofa.fr\/es\/wp-json\/wp\/v2\/comments?post=1421"}],"version-history":[{"count":9,"href":"https:\/\/falk-toys.pycofa.fr\/es\/wp-json\/wp\/v2\/pages\/1421\/revisions"}],"predecessor-version":[{"id":15166,"href":"https:\/\/falk-toys.pycofa.fr\/es\/wp-json\/wp\/v2\/pages\/1421\/revisions\/15166"}],"wp:attachment":[{"href":"https:\/\/falk-toys.pycofa.fr\/es\/wp-json\/wp\/v2\/media?parent=1421"}],"curies":[{"name":"wp","href":"https:\/\/api.w.org\/{rel}","templated":true}]}}