{"id":22541,"date":"2024-10-08T09:25:35","date_gmt":"2024-10-08T09:48:03","guid":{"rendered":"https:\/\/falk-toys.com\/produit\/retroexcavadora-a-pedales-komatsu-con-remolque-incluido\/"},"modified":"2024-10-08T09:48:19","modified_gmt":"2024-10-08T09:48:19","slug":"retroexcavadora-a-pedales-komatsu-con-remolque-incluido","status":"publish","type":"product","link":"https:\/\/falk-toys.pycofa.fr\/es\/producto\/retroexcavadora-a-pedales-komatsu-con-remolque-incluido\/","title":{"rendered":"Retroexcavadora a pedales Komatsu con remolque incluido"},"content":{"rendered":"<p>Ning\u00fan trabajo es demasiado ambicioso para los peque\u00f1os constructores equipados con esta retroexcavadora de Komatsu como una aut\u00e9ntica con su pala frontal totalmente articulada. Pr\u00e1ctico, est\u00e1 equipado con un remolque que le permite jugar sin l\u00edmites.<br \/>\nEsta aut\u00e9ntica m\u00e1quina de construcci\u00f3n en miniatura est\u00e1 especialmente dise\u00f1ada para resistir a los ni\u00f1os de 2 a 5 a\u00f1os y est\u00e1 100% fabricada en Francia y compuesto por al menos un 40% de pl\u00e1stico reciclado para garantizar horas de juego.<br \/>\n\u00a1Es hora de echar una mano a los padres en sus proyectos laborales!<\/p>\n","protected":false},"excerpt":{"rendered":"<p>Retroexcavadora a pedales Komatsu con pala frontal completamente articulada y remolque incluido &#8211; 100% fabricada en Francia &#8211; Contiene un 40% de pl\u00e1stico reciclado &#8211; A partir de 2 a\u00f1os.<\/p>\n","protected":false},"featured_media":22986,"comment_status":"closed","ping_status":"closed","template":"","meta":{"_acf_changed":false,"site-sidebar-layout":"default","site-content-layout":"","ast-site-content-layout":"default","site-content-style":"default","site-sidebar-style":"default","ast-global-header-display":"","ast-banner-title-visibility":"","ast-main-header-display":"","ast-hfb-above-header-display":"","ast-hfb-below-header-display":"","ast-hfb-mobile-header-display":"","site-post-title":"","ast-breadcrumbs-content":"","ast-featured-img":"","footer-sml-layout":"","theme-transparent-header-meta":"default","adv-header-id-meta":"","stick-header-meta":"","header-above-stick-meta":"","header-main-stick-meta":"","header-below-stick-meta":"","astra-migrate-meta-layouts":"default","ast-page-background-enabled":"default","ast-page-background-meta":{"desktop":{"background-color":"","background-image":"","background-repeat":"repeat","background-position":"center center","background-size":"auto","background-attachment":"scroll","background-type":"","background-media":"","overlay-type":"","overlay-color":"","overlay-opacity":"","overlay-gradient":""},"tablet":{"background-color":"","background-image":"","background-repeat":"repeat","background-position":"center center","background-size":"auto","background-attachment":"scroll","background-type":"","background-media":"","overlay-type":"","overlay-color":"","overlay-opacity":"","overlay-gradient":""},"mobile":{"background-color":"","background-image":"","background-repeat":"repeat","background-position":"center center","background-size":"auto","background-attachment":"scroll","background-type":"","background-media":"","overlay-type":"","overlay-color":"","overlay-opacity":"","overlay-gradient":""}},"ast-content-background-meta":{"desktop":{"background-color":"var(--ast-global-color-5)","background-image":"","background-repeat":"repeat","background-position":"center center","background-size":"auto","background-attachment":"scroll","background-type":"","background-media":"","overlay-type":"","overlay-color":"","overlay-opacity":"","overlay-gradient":""},"tablet":{"background-color":"var(--ast-global-color-5)","background-image":"","background-repeat":"repeat","background-position":"center center","background-size":"auto","background-attachment":"scroll","background-type":"","background-media":"","overlay-type":"","overlay-color":"","overlay-opacity":"","overlay-gradient":""},"mobile":{"background-color":"var(--ast-global-color-5)","background-image":"","background-repeat":"repeat","background-position":"center center","background-size":"auto","background-attachment":"scroll","background-type":"","background-media":"","overlay-type":"","overlay-color":"","overlay-opacity":"","overlay-gradient":""}}},"product_brand":[],"product_cat":[163,147,45],"product_tag":[78],"class_list":{"0":"post-22541","1":"product","2":"type-product","3":"status-publish","4":"has-post-thumbnail","6":"product_cat-2-5-anos","7":"product_cat-komatsu-es","8":"product_cat-los-pequenos-constructores","9":"product_tag-retroexcavadora","10":"desktop-align-left","11":"tablet-align-left","12":"mobile-align-left","14":"first","15":"instock","16":"purchasable","17":"product-type-simple"},"acf":[],"yoast_head":"<!-- This site is optimized with the Yoast SEO Premium plugin v25.0 (Yoast SEO v25.1) - https:\/\/yoast.com\/wordpress\/plugins\/seo\/ -->\n<title>Retroexcavadora a pedales Komatsu con remolque incluido | FALK - Toys that rolls<\/title>\n<meta name=\"robots\" content=\"noindex, follow, max-snippet:-1, max-image-preview:large, max-video-preview:-1\" \/>\n<meta property=\"og:locale\" content=\"es_ES\" \/>\n<meta property=\"og:type\" content=\"article\" \/>\n<meta property=\"og:title\" content=\"Retroexcavadora a pedales Komatsu con remolque incluido\" \/>\n<meta property=\"og:description\" content=\"Retroexcavadora a pedales Komatsu con pala frontal completamente articulada y remolque incluido - 100% fabricada en Francia - Contiene un 40% de pl\u00e1stico reciclado - A partir de 2 a\u00f1os.\" \/>\n<meta property=\"og:url\" content=\"https:\/\/falk-toys.pycofa.fr\/es\/producto\/retroexcavadora-a-pedales-komatsu-con-remolque-incluido\/\" \/>\n<meta property=\"og:site_name\" content=\"FALK - Toys that rolls\" \/>\n<meta property=\"article:publisher\" content=\"https:\/\/www.facebook.com\/FalkFR\/\" \/>\n<meta property=\"article:modified_time\" content=\"2024-10-08T09:48:19+00:00\" \/>\n<meta property=\"og:image\" content=\"https:\/\/falk-toys.pycofa.fr\/wp-content\/uploads\/2024\/10\/tractopelle-komatsu-remorque-2076m-1.jpg.jpg\" \/>\n\t<meta property=\"og:image:width\" content=\"800\" \/>\n\t<meta property=\"og:image:height\" content=\"800\" \/>\n\t<meta property=\"og:image:type\" content=\"image\/jpeg\" \/>\n<meta name=\"twitter:card\" content=\"summary_large_image\" \/>\n<meta name=\"twitter:label1\" content=\"Precio\" \/>\n\t<meta name=\"twitter:data1\" content=\"114,99&euro;\" \/>\n\t<meta name=\"twitter:label2\" content=\"Disponibilidad\" \/>\n\t<meta name=\"twitter:data2\" content=\"Disponible\" \/>\n<script type=\"application\/ld+json\" class=\"yoast-schema-graph\">{\"@context\":\"https:\/\/schema.org\",\"@graph\":[{\"@type\":\"WebPage\",\"@id\":\"https:\/\/falk-toys.pycofa.fr\/es\/producto\/retroexcavadora-a-pedales-komatsu-con-remolque-incluido\/\",\"url\":\"https:\/\/falk-toys.pycofa.fr\/es\/producto\/retroexcavadora-a-pedales-komatsu-con-remolque-incluido\/\",\"name\":\"Retroexcavadora a pedales Komatsu con remolque incluido | FALK - Toys that rolls\",\"isPartOf\":{\"@id\":\"https:\/\/falk-toys.pycofa.fr\/es\/#website\"},\"primaryImageOfPage\":{\"@id\":\"https:\/\/falk-toys.pycofa.fr\/es\/producto\/retroexcavadora-a-pedales-komatsu-con-remolque-incluido\/#primaryimage\"},\"image\":{\"@id\":\"https:\/\/falk-toys.pycofa.fr\/es\/producto\/retroexcavadora-a-pedales-komatsu-con-remolque-incluido\/#primaryimage\"},\"thumbnailUrl\":\"https:\/\/falk-toys.pycofa.fr\/wp-content\/uploads\/2024\/10\/tractopelle-komatsu-remorque-2076m-1.jpg.jpg\",\"datePublished\":\"2024-10-08T09:48:03+00:00\",\"dateModified\":\"2024-10-08T09:48:19+00:00\",\"breadcrumb\":{\"@id\":\"https:\/\/falk-toys.pycofa.fr\/es\/producto\/retroexcavadora-a-pedales-komatsu-con-remolque-incluido\/#breadcrumb\"},\"inLanguage\":\"es\",\"potentialAction\":[{\"@type\":\"ReadAction\",\"target\":[\"https:\/\/falk-toys.pycofa.fr\/es\/producto\/retroexcavadora-a-pedales-komatsu-con-remolque-incluido\/\"]}]},{\"@type\":\"ImageObject\",\"inLanguage\":\"es\",\"@id\":\"https:\/\/falk-toys.pycofa.fr\/es\/producto\/retroexcavadora-a-pedales-komatsu-con-remolque-incluido\/#primaryimage\",\"url\":\"https:\/\/falk-toys.pycofa.fr\/wp-content\/uploads\/2024\/10\/tractopelle-komatsu-remorque-2076m-1.jpg.jpg\",\"contentUrl\":\"https:\/\/falk-toys.pycofa.fr\/wp-content\/uploads\/2024\/10\/tractopelle-komatsu-remorque-2076m-1.jpg.jpg\",\"width\":800,\"height\":800,\"caption\":\"Tractopelle \u00e0 p\u00e9dales Komastu avec remorque\"},{\"@type\":\"BreadcrumbList\",\"@id\":\"https:\/\/falk-toys.pycofa.fr\/es\/producto\/retroexcavadora-a-pedales-komatsu-con-remolque-incluido\/#breadcrumb\",\"itemListElement\":[{\"@type\":\"ListItem\",\"position\":1,\"name\":\"Home\",\"item\":\"https:\/\/falk-toys.pycofa.fr\/es\/\"},{\"@type\":\"ListItem\",\"position\":2,\"name\":\"Tienda\",\"item\":\"https:\/\/falk-toys.pycofa.fr\/es\/tienda\/\"},{\"@type\":\"ListItem\",\"position\":3,\"name\":\"Retroexcavadora a pedales Komatsu con remolque incluido\"}]},{\"@type\":\"WebSite\",\"@id\":\"https:\/\/falk-toys.pycofa.fr\/es\/#website\",\"url\":\"https:\/\/falk-toys.pycofa.fr\/es\/\",\"name\":\"FALK - Toys that rolls\",\"description\":\"Jouets fabriqu\u00e9s en France\",\"publisher\":{\"@id\":\"https:\/\/falk-toys.pycofa.fr\/es\/#organization\"},\"potentialAction\":[{\"@type\":\"SearchAction\",\"target\":{\"@type\":\"EntryPoint\",\"urlTemplate\":\"https:\/\/falk-toys.pycofa.fr\/es\/?s={search_term_string}\"},\"query-input\":{\"@type\":\"PropertyValueSpecification\",\"valueRequired\":true,\"valueName\":\"search_term_string\"}}],\"inLanguage\":\"es\"},{\"@type\":\"Organization\",\"@id\":\"https:\/\/falk-toys.pycofa.fr\/es\/#organization\",\"name\":\"Falk Toys\",\"url\":\"https:\/\/falk-toys.pycofa.fr\/es\/\",\"logo\":{\"@type\":\"ImageObject\",\"inLanguage\":\"es\",\"@id\":\"https:\/\/falk-toys.pycofa.fr\/es\/#\/schema\/logo\/image\/\",\"url\":\"https:\/\/falk-toys.pycofa.fr\/wp-content\/uploads\/2019\/12\/falk-logo@2x.png\",\"contentUrl\":\"https:\/\/falk-toys.pycofa.fr\/wp-content\/uploads\/2019\/12\/falk-logo@2x.png\",\"width\":436,\"height\":351,\"caption\":\"Falk Toys\"},\"image\":{\"@id\":\"https:\/\/falk-toys.pycofa.fr\/es\/#\/schema\/logo\/image\/\"},\"sameAs\":[\"https:\/\/www.facebook.com\/FalkFR\/\",\"https:\/\/www.instagram.com\/falk_toys\/\",\"https:\/\/www.youtube.com\/channel\/UCKZXf1_E8UsPhjAQo-Y5vlg\"]}]}<\/script>\n<meta property=\"product:price:amount\" content=\"114.99\" \/>\n<meta property=\"product:price:currency\" content=\"EUR\" \/>\n<meta property=\"og:availability\" content=\"instock\" \/>\n<meta property=\"product:availability\" content=\"instock\" \/>\n<meta property=\"product:retailer_item_id\" content=\"2076M\" \/>\n<meta property=\"product:condition\" content=\"new\" \/>\n<!-- \/ Yoast SEO Premium plugin. -->","yoast_head_json":{"title":"Retroexcavadora a pedales Komatsu con remolque incluido | FALK - Toys that rolls","robots":{"index":"noindex","follow":"follow","max-snippet":"max-snippet:-1","max-image-preview":"max-image-preview:large","max-video-preview":"max-video-preview:-1"},"og_locale":"es_ES","og_type":"article","og_title":"Retroexcavadora a pedales Komatsu con remolque incluido","og_description":"Retroexcavadora a pedales Komatsu con pala frontal completamente articulada y remolque incluido - 100% fabricada en Francia - Contiene un 40% de pl\u00e1stico reciclado - A partir de 2 a\u00f1os.","og_url":"https:\/\/falk-toys.pycofa.fr\/es\/producto\/retroexcavadora-a-pedales-komatsu-con-remolque-incluido\/","og_site_name":"FALK - Toys that rolls","article_publisher":"https:\/\/www.facebook.com\/FalkFR\/","article_modified_time":"2024-10-08T09:48:19+00:00","og_image":[{"width":800,"height":800,"url":"https:\/\/falk-toys.pycofa.fr\/wp-content\/uploads\/2024\/10\/tractopelle-komatsu-remorque-2076m-1.jpg.jpg","type":"image\/jpeg"}],"twitter_card":"summary_large_image","twitter_misc":{"Precio":"114,99&euro;","Disponibilidad":"Disponible"},"schema":{"@context":"https:\/\/schema.org","@graph":[{"@type":"WebPage","@id":"https:\/\/falk-toys.pycofa.fr\/es\/producto\/retroexcavadora-a-pedales-komatsu-con-remolque-incluido\/","url":"https:\/\/falk-toys.pycofa.fr\/es\/producto\/retroexcavadora-a-pedales-komatsu-con-remolque-incluido\/","name":"Retroexcavadora a pedales Komatsu con remolque incluido | FALK - Toys that rolls","isPartOf":{"@id":"https:\/\/falk-toys.pycofa.fr\/es\/#website"},"primaryImageOfPage":{"@id":"https:\/\/falk-toys.pycofa.fr\/es\/producto\/retroexcavadora-a-pedales-komatsu-con-remolque-incluido\/#primaryimage"},"image":{"@id":"https:\/\/falk-toys.pycofa.fr\/es\/producto\/retroexcavadora-a-pedales-komatsu-con-remolque-incluido\/#primaryimage"},"thumbnailUrl":"https:\/\/falk-toys.pycofa.fr\/wp-content\/uploads\/2024\/10\/tractopelle-komatsu-remorque-2076m-1.jpg.jpg","datePublished":"2024-10-08T09:48:03+00:00","dateModified":"2024-10-08T09:48:19+00:00","breadcrumb":{"@id":"https:\/\/falk-toys.pycofa.fr\/es\/producto\/retroexcavadora-a-pedales-komatsu-con-remolque-incluido\/#breadcrumb"},"inLanguage":"es","potentialAction":[{"@type":"ReadAction","target":["https:\/\/falk-toys.pycofa.fr\/es\/producto\/retroexcavadora-a-pedales-komatsu-con-remolque-incluido\/"]}]},{"@type":"ImageObject","inLanguage":"es","@id":"https:\/\/falk-toys.pycofa.fr\/es\/producto\/retroexcavadora-a-pedales-komatsu-con-remolque-incluido\/#primaryimage","url":"https:\/\/falk-toys.pycofa.fr\/wp-content\/uploads\/2024\/10\/tractopelle-komatsu-remorque-2076m-1.jpg.jpg","contentUrl":"https:\/\/falk-toys.pycofa.fr\/wp-content\/uploads\/2024\/10\/tractopelle-komatsu-remorque-2076m-1.jpg.jpg","width":800,"height":800,"caption":"Tractopelle \u00e0 p\u00e9dales Komastu avec remorque"},{"@type":"BreadcrumbList","@id":"https:\/\/falk-toys.pycofa.fr\/es\/producto\/retroexcavadora-a-pedales-komatsu-con-remolque-incluido\/#breadcrumb","itemListElement":[{"@type":"ListItem","position":1,"name":"Home","item":"https:\/\/falk-toys.pycofa.fr\/es\/"},{"@type":"ListItem","position":2,"name":"Tienda","item":"https:\/\/falk-toys.pycofa.fr\/es\/tienda\/"},{"@type":"ListItem","position":3,"name":"Retroexcavadora a pedales Komatsu con remolque incluido"}]},{"@type":"WebSite","@id":"https:\/\/falk-toys.pycofa.fr\/es\/#website","url":"https:\/\/falk-toys.pycofa.fr\/es\/","name":"FALK - Toys that rolls","description":"Jouets fabriqu\u00e9s en France","publisher":{"@id":"https:\/\/falk-toys.pycofa.fr\/es\/#organization"},"potentialAction":[{"@type":"SearchAction","target":{"@type":"EntryPoint","urlTemplate":"https:\/\/falk-toys.pycofa.fr\/es\/?s={search_term_string}"},"query-input":{"@type":"PropertyValueSpecification","valueRequired":true,"valueName":"search_term_string"}}],"inLanguage":"es"},{"@type":"Organization","@id":"https:\/\/falk-toys.pycofa.fr\/es\/#organization","name":"Falk Toys","url":"https:\/\/falk-toys.pycofa.fr\/es\/","logo":{"@type":"ImageObject","inLanguage":"es","@id":"https:\/\/falk-toys.pycofa.fr\/es\/#\/schema\/logo\/image\/","url":"https:\/\/falk-toys.pycofa.fr\/wp-content\/uploads\/2019\/12\/falk-logo@2x.png","contentUrl":"https:\/\/falk-toys.pycofa.fr\/wp-content\/uploads\/2019\/12\/falk-logo@2x.png","width":436,"height":351,"caption":"Falk Toys"},"image":{"@id":"https:\/\/falk-toys.pycofa.fr\/es\/#\/schema\/logo\/image\/"},"sameAs":["https:\/\/www.facebook.com\/FalkFR\/","https:\/\/www.instagram.com\/falk_toys\/","https:\/\/www.youtube.com\/channel\/UCKZXf1_E8UsPhjAQo-Y5vlg"]}]},"product_price_amount":"114.99","product_price_currency":"EUR","og_availability":"instock","product_availability":"instock","product_retailer_item_id":"2076M","product_condition":"new"},"_links":{"self":[{"href":"https:\/\/falk-toys.pycofa.fr\/es\/wp-json\/wp\/v2\/product\/22541","targetHints":{"allow":["GET"]}}],"collection":[{"href":"https:\/\/falk-toys.pycofa.fr\/es\/wp-json\/wp\/v2\/product"}],"about":[{"href":"https:\/\/falk-toys.pycofa.fr\/es\/wp-json\/wp\/v2\/types\/product"}],"replies":[{"embeddable":true,"href":"https:\/\/falk-toys.pycofa.fr\/es\/wp-json\/wp\/v2\/comments?post=22541"}],"wp:featuredmedia":[{"embeddable":true,"href":"https:\/\/falk-toys.pycofa.fr\/es\/wp-json\/wp\/v2\/media\/22986"}],"wp:attachment":[{"href":"https:\/\/falk-toys.pycofa.fr\/es\/wp-json\/wp\/v2\/media?parent=22541"}],"wp:term":[{"taxonomy":"product_brand","embeddable":true,"href":"https:\/\/falk-toys.pycofa.fr\/es\/wp-json\/wp\/v2\/product_brand?post=22541"},{"taxonomy":"product_cat","embeddable":true,"href":"https:\/\/falk-toys.pycofa.fr\/es\/wp-json\/wp\/v2\/product_cat?post=22541"},{"taxonomy":"product_tag","embeddable":true,"href":"https:\/\/falk-toys.pycofa.fr\/es\/wp-json\/wp\/v2\/product_tag?post=22541"}],"curies":[{"name":"wp","href":"https:\/\/api.w.org\/{rel}","templated":true}]}}