{"id":22598,"date":"2024-10-08T09:28:04","date_gmt":"2024-10-08T09:49:53","guid":{"rendered":"https:\/\/falk-toys.com\/produit\/tractor-claas-de-1a-edad-con-volante-direccional-con-bocina-y-barra-ergonomica-de-ayuda-a-la-marcha\/"},"modified":"2024-10-08T09:50:06","modified_gmt":"2024-10-08T09:50:06","slug":"tractor-claas-de-1a-edad-con-volante-direccional-con-bocina-y-barra-ergonomica-de-ayuda-a-la-marcha","status":"publish","type":"product","link":"https:\/\/falk-toys.pycofa.fr\/es\/producto\/tractor-claas-de-1a-edad-con-volante-direccional-con-bocina-y-barra-ergonomica-de-ayuda-a-la-marcha\/","title":{"rendered":"Tractor Claas de 1\u00aa edad con volante direccional con bocina y barra ergon\u00f3mica de ayuda a la marcha"},"content":{"rendered":"<p>\u00a1Un peque\u00f1o tractor Claas muy lindo y lleno de trucos que acompa\u00f1a a su hijo desde los 12 meses hasta sus primeros pasos gracias a su barra de ayuda para caminar! Est\u00e1 equipado con un volante direccional con claxon para desarrollar su motricidad fina y gruesa mientras se divierte desliz\u00e1ndose de un extremo a otro de la casa o del jard\u00edn.<br \/>\nEsta reinterpretaci\u00f3n del tractor Claas Arion 470 se fabrica \u00edntegramente en Francia con al menos un 90% de pl\u00e1stico reciclado y ha sido dise\u00f1ada para resistir a los ni\u00f1os m\u00e1s intr\u00e9pidos.<\/p>\n","protected":false},"excerpt":{"rendered":"<p>Tractor Claas de 1\u00aa edad con volante direccional con bocina y barra ergon\u00f3mica de ayuda a la marcha &#8211; 100% Made in France &#8211; Con un 90% de pl\u00e1stico reciclado &#8211; A partir de 12 meses.<\/p>\n","protected":false},"featured_media":19961,"comment_status":"closed","ping_status":"closed","template":"","meta":{"_acf_changed":false,"site-sidebar-layout":"default","site-content-layout":"","ast-site-content-layout":"","site-content-style":"default","site-sidebar-style":"default","ast-global-header-display":"","ast-banner-title-visibility":"","ast-main-header-display":"","ast-hfb-above-header-display":"","ast-hfb-below-header-display":"","ast-hfb-mobile-header-display":"","site-post-title":"","ast-breadcrumbs-content":"","ast-featured-img":"","footer-sml-layout":"","theme-transparent-header-meta":"","adv-header-id-meta":"","stick-header-meta":"","header-above-stick-meta":"","header-main-stick-meta":"","header-below-stick-meta":"","astra-migrate-meta-layouts":"default","ast-page-background-enabled":"default","ast-page-background-meta":{"desktop":{"background-color":"","background-image":"","background-repeat":"repeat","background-position":"center center","background-size":"auto","background-attachment":"scroll","background-type":"","background-media":"","overlay-type":"","overlay-color":"","overlay-opacity":"","overlay-gradient":""},"tablet":{"background-color":"","background-image":"","background-repeat":"repeat","background-position":"center center","background-size":"auto","background-attachment":"scroll","background-type":"","background-media":"","overlay-type":"","overlay-color":"","overlay-opacity":"","overlay-gradient":""},"mobile":{"background-color":"","background-image":"","background-repeat":"repeat","background-position":"center center","background-size":"auto","background-attachment":"scroll","background-type":"","background-media":"","overlay-type":"","overlay-color":"","overlay-opacity":"","overlay-gradient":""}},"ast-content-background-meta":{"desktop":{"background-color":"var(--ast-global-color-5)","background-image":"","background-repeat":"repeat","background-position":"center center","background-size":"auto","background-attachment":"scroll","background-type":"","background-media":"","overlay-type":"","overlay-color":"","overlay-opacity":"","overlay-gradient":""},"tablet":{"background-color":"var(--ast-global-color-5)","background-image":"","background-repeat":"repeat","background-position":"center center","background-size":"auto","background-attachment":"scroll","background-type":"","background-media":"","overlay-type":"","overlay-color":"","overlay-opacity":"","overlay-gradient":""},"mobile":{"background-color":"var(--ast-global-color-5)","background-image":"","background-repeat":"repeat","background-position":"center center","background-size":"auto","background-attachment":"scroll","background-type":"","background-media":"","overlay-type":"","overlay-color":"","overlay-opacity":"","overlay-gradient":""}}},"product_brand":[],"product_cat":[162,141,46],"product_tag":[75],"class_list":{"0":"post-22598","1":"product","2":"type-product","3":"status-publish","4":"has-post-thumbnail","6":"product_cat-1-3-anos","7":"product_cat-claas-es","8":"product_cat-los-pequenos-jardineros","9":"product_tag-correpasillos-para-los-primeros-anos","10":"desktop-align-left","11":"tablet-align-left","12":"mobile-align-left","14":"first","15":"instock","16":"purchasable","17":"product-type-simple"},"acf":[],"yoast_head":"<!-- This site is optimized with the Yoast SEO Premium plugin v25.0 (Yoast SEO v25.1) - https:\/\/yoast.com\/wordpress\/plugins\/seo\/ -->\n<title>Tractor Claas de 1\u00aa edad con volante direccional con bocina y barra ergon\u00f3mica de ayuda a la marcha | FALK - Toys that rolls<\/title>\n<meta name=\"robots\" content=\"noindex, follow, max-snippet:-1, max-image-preview:large, max-video-preview:-1\" \/>\n<meta property=\"og:locale\" content=\"es_ES\" \/>\n<meta property=\"og:type\" content=\"article\" \/>\n<meta property=\"og:title\" content=\"Tractor Claas de 1\u00aa edad con volante direccional con bocina y barra ergon\u00f3mica de ayuda a la marcha\" \/>\n<meta property=\"og:description\" content=\"Tractor Claas de 1\u00aa edad con volante direccional con bocina y barra ergon\u00f3mica de ayuda a la marcha - 100% Made in France - Con un 90% de pl\u00e1stico reciclado - A partir de 12 meses.\" \/>\n<meta property=\"og:url\" content=\"https:\/\/falk-toys.pycofa.fr\/es\/producto\/tractor-claas-de-1a-edad-con-volante-direccional-con-bocina-y-barra-ergonomica-de-ayuda-a-la-marcha\/\" \/>\n<meta property=\"og:site_name\" content=\"FALK - Toys that rolls\" \/>\n<meta property=\"article:publisher\" content=\"https:\/\/www.facebook.com\/FalkFR\/\" \/>\n<meta property=\"article:modified_time\" content=\"2024-10-08T09:50:06+00:00\" \/>\n<meta property=\"og:image\" content=\"https:\/\/falk-toys.pycofa.fr\/wp-content\/uploads\/2024\/10\/porteur-tracteur-claas-312-pks.jpg\" \/>\n\t<meta property=\"og:image:width\" content=\"800\" \/>\n\t<meta property=\"og:image:height\" content=\"800\" \/>\n\t<meta property=\"og:image:type\" content=\"image\/jpeg\" \/>\n<meta name=\"twitter:card\" content=\"summary_large_image\" \/>\n<meta name=\"twitter:label1\" content=\"Precio\" \/>\n\t<meta name=\"twitter:data1\" content=\"36,99&euro;\" \/>\n\t<meta name=\"twitter:label2\" content=\"Disponibilidad\" \/>\n\t<meta name=\"twitter:data2\" content=\"Disponible\" \/>\n<script type=\"application\/ld+json\" class=\"yoast-schema-graph\">{\"@context\":\"https:\/\/schema.org\",\"@graph\":[{\"@type\":\"WebPage\",\"@id\":\"https:\/\/falk-toys.pycofa.fr\/es\/producto\/tractor-claas-de-1a-edad-con-volante-direccional-con-bocina-y-barra-ergonomica-de-ayuda-a-la-marcha\/\",\"url\":\"https:\/\/falk-toys.pycofa.fr\/es\/producto\/tractor-claas-de-1a-edad-con-volante-direccional-con-bocina-y-barra-ergonomica-de-ayuda-a-la-marcha\/\",\"name\":\"Tractor Claas de 1\u00aa edad con volante direccional con bocina y barra ergon\u00f3mica de ayuda a la marcha | FALK - Toys that rolls\",\"isPartOf\":{\"@id\":\"https:\/\/falk-toys.pycofa.fr\/es\/#website\"},\"primaryImageOfPage\":{\"@id\":\"https:\/\/falk-toys.pycofa.fr\/es\/producto\/tractor-claas-de-1a-edad-con-volante-direccional-con-bocina-y-barra-ergonomica-de-ayuda-a-la-marcha\/#primaryimage\"},\"image\":{\"@id\":\"https:\/\/falk-toys.pycofa.fr\/es\/producto\/tractor-claas-de-1a-edad-con-volante-direccional-con-bocina-y-barra-ergonomica-de-ayuda-a-la-marcha\/#primaryimage\"},\"thumbnailUrl\":\"https:\/\/falk-toys.pycofa.fr\/wp-content\/uploads\/2024\/10\/porteur-tracteur-claas-312-pks.jpg\",\"datePublished\":\"2024-10-08T09:49:53+00:00\",\"dateModified\":\"2024-10-08T09:50:06+00:00\",\"breadcrumb\":{\"@id\":\"https:\/\/falk-toys.pycofa.fr\/es\/producto\/tractor-claas-de-1a-edad-con-volante-direccional-con-bocina-y-barra-ergonomica-de-ayuda-a-la-marcha\/#breadcrumb\"},\"inLanguage\":\"es\",\"potentialAction\":[{\"@type\":\"ReadAction\",\"target\":[\"https:\/\/falk-toys.pycofa.fr\/es\/producto\/tractor-claas-de-1a-edad-con-volante-direccional-con-bocina-y-barra-ergonomica-de-ayuda-a-la-marcha\/\"]}]},{\"@type\":\"ImageObject\",\"inLanguage\":\"es\",\"@id\":\"https:\/\/falk-toys.pycofa.fr\/es\/producto\/tractor-claas-de-1a-edad-con-volante-direccional-con-bocina-y-barra-ergonomica-de-ayuda-a-la-marcha\/#primaryimage\",\"url\":\"https:\/\/falk-toys.pycofa.fr\/wp-content\/uploads\/2024\/10\/porteur-tracteur-claas-312-pks.jpg\",\"contentUrl\":\"https:\/\/falk-toys.pycofa.fr\/wp-content\/uploads\/2024\/10\/porteur-tracteur-claas-312-pks.jpg\",\"width\":800,\"height\":800,\"caption\":\"Portados tractor Claas\"},{\"@type\":\"BreadcrumbList\",\"@id\":\"https:\/\/falk-toys.pycofa.fr\/es\/producto\/tractor-claas-de-1a-edad-con-volante-direccional-con-bocina-y-barra-ergonomica-de-ayuda-a-la-marcha\/#breadcrumb\",\"itemListElement\":[{\"@type\":\"ListItem\",\"position\":1,\"name\":\"Home\",\"item\":\"https:\/\/falk-toys.pycofa.fr\/es\/\"},{\"@type\":\"ListItem\",\"position\":2,\"name\":\"Tienda\",\"item\":\"https:\/\/falk-toys.pycofa.fr\/es\/tienda\/\"},{\"@type\":\"ListItem\",\"position\":3,\"name\":\"Tractor Claas de 1\u00aa edad con volante direccional con bocina y barra ergon\u00f3mica de ayuda a la marcha\"}]},{\"@type\":\"WebSite\",\"@id\":\"https:\/\/falk-toys.pycofa.fr\/es\/#website\",\"url\":\"https:\/\/falk-toys.pycofa.fr\/es\/\",\"name\":\"FALK - Toys that rolls\",\"description\":\"Jouets fabriqu\u00e9s en France\",\"publisher\":{\"@id\":\"https:\/\/falk-toys.pycofa.fr\/es\/#organization\"},\"potentialAction\":[{\"@type\":\"SearchAction\",\"target\":{\"@type\":\"EntryPoint\",\"urlTemplate\":\"https:\/\/falk-toys.pycofa.fr\/es\/?s={search_term_string}\"},\"query-input\":{\"@type\":\"PropertyValueSpecification\",\"valueRequired\":true,\"valueName\":\"search_term_string\"}}],\"inLanguage\":\"es\"},{\"@type\":\"Organization\",\"@id\":\"https:\/\/falk-toys.pycofa.fr\/es\/#organization\",\"name\":\"Falk Toys\",\"url\":\"https:\/\/falk-toys.pycofa.fr\/es\/\",\"logo\":{\"@type\":\"ImageObject\",\"inLanguage\":\"es\",\"@id\":\"https:\/\/falk-toys.pycofa.fr\/es\/#\/schema\/logo\/image\/\",\"url\":\"https:\/\/falk-toys.pycofa.fr\/wp-content\/uploads\/2019\/12\/falk-logo@2x.png\",\"contentUrl\":\"https:\/\/falk-toys.pycofa.fr\/wp-content\/uploads\/2019\/12\/falk-logo@2x.png\",\"width\":436,\"height\":351,\"caption\":\"Falk Toys\"},\"image\":{\"@id\":\"https:\/\/falk-toys.pycofa.fr\/es\/#\/schema\/logo\/image\/\"},\"sameAs\":[\"https:\/\/www.facebook.com\/FalkFR\/\",\"https:\/\/www.instagram.com\/falk_toys\/\",\"https:\/\/www.youtube.com\/channel\/UCKZXf1_E8UsPhjAQo-Y5vlg\"]}]}<\/script>\n<meta property=\"product:price:amount\" content=\"36.99\" \/>\n<meta property=\"product:price:currency\" content=\"EUR\" \/>\n<meta property=\"og:availability\" content=\"instock\" \/>\n<meta property=\"product:availability\" content=\"instock\" \/>\n<meta property=\"product:retailer_item_id\" content=\"312\" \/>\n<meta property=\"product:condition\" content=\"new\" \/>\n<!-- \/ Yoast SEO Premium plugin. -->","yoast_head_json":{"title":"Tractor Claas de 1\u00aa edad con volante direccional con bocina y barra ergon\u00f3mica de ayuda a la marcha | FALK - Toys that rolls","robots":{"index":"noindex","follow":"follow","max-snippet":"max-snippet:-1","max-image-preview":"max-image-preview:large","max-video-preview":"max-video-preview:-1"},"og_locale":"es_ES","og_type":"article","og_title":"Tractor Claas de 1\u00aa edad con volante direccional con bocina y barra ergon\u00f3mica de ayuda a la marcha","og_description":"Tractor Claas de 1\u00aa edad con volante direccional con bocina y barra ergon\u00f3mica de ayuda a la marcha - 100% Made in France - Con un 90% de pl\u00e1stico reciclado - A partir de 12 meses.","og_url":"https:\/\/falk-toys.pycofa.fr\/es\/producto\/tractor-claas-de-1a-edad-con-volante-direccional-con-bocina-y-barra-ergonomica-de-ayuda-a-la-marcha\/","og_site_name":"FALK - Toys that rolls","article_publisher":"https:\/\/www.facebook.com\/FalkFR\/","article_modified_time":"2024-10-08T09:50:06+00:00","og_image":[{"width":800,"height":800,"url":"https:\/\/falk-toys.pycofa.fr\/wp-content\/uploads\/2024\/10\/porteur-tracteur-claas-312-pks.jpg","type":"image\/jpeg"}],"twitter_card":"summary_large_image","twitter_misc":{"Precio":"36,99&euro;","Disponibilidad":"Disponible"},"schema":{"@context":"https:\/\/schema.org","@graph":[{"@type":"WebPage","@id":"https:\/\/falk-toys.pycofa.fr\/es\/producto\/tractor-claas-de-1a-edad-con-volante-direccional-con-bocina-y-barra-ergonomica-de-ayuda-a-la-marcha\/","url":"https:\/\/falk-toys.pycofa.fr\/es\/producto\/tractor-claas-de-1a-edad-con-volante-direccional-con-bocina-y-barra-ergonomica-de-ayuda-a-la-marcha\/","name":"Tractor Claas de 1\u00aa edad con volante direccional con bocina y barra ergon\u00f3mica de ayuda a la marcha | FALK - Toys that rolls","isPartOf":{"@id":"https:\/\/falk-toys.pycofa.fr\/es\/#website"},"primaryImageOfPage":{"@id":"https:\/\/falk-toys.pycofa.fr\/es\/producto\/tractor-claas-de-1a-edad-con-volante-direccional-con-bocina-y-barra-ergonomica-de-ayuda-a-la-marcha\/#primaryimage"},"image":{"@id":"https:\/\/falk-toys.pycofa.fr\/es\/producto\/tractor-claas-de-1a-edad-con-volante-direccional-con-bocina-y-barra-ergonomica-de-ayuda-a-la-marcha\/#primaryimage"},"thumbnailUrl":"https:\/\/falk-toys.pycofa.fr\/wp-content\/uploads\/2024\/10\/porteur-tracteur-claas-312-pks.jpg","datePublished":"2024-10-08T09:49:53+00:00","dateModified":"2024-10-08T09:50:06+00:00","breadcrumb":{"@id":"https:\/\/falk-toys.pycofa.fr\/es\/producto\/tractor-claas-de-1a-edad-con-volante-direccional-con-bocina-y-barra-ergonomica-de-ayuda-a-la-marcha\/#breadcrumb"},"inLanguage":"es","potentialAction":[{"@type":"ReadAction","target":["https:\/\/falk-toys.pycofa.fr\/es\/producto\/tractor-claas-de-1a-edad-con-volante-direccional-con-bocina-y-barra-ergonomica-de-ayuda-a-la-marcha\/"]}]},{"@type":"ImageObject","inLanguage":"es","@id":"https:\/\/falk-toys.pycofa.fr\/es\/producto\/tractor-claas-de-1a-edad-con-volante-direccional-con-bocina-y-barra-ergonomica-de-ayuda-a-la-marcha\/#primaryimage","url":"https:\/\/falk-toys.pycofa.fr\/wp-content\/uploads\/2024\/10\/porteur-tracteur-claas-312-pks.jpg","contentUrl":"https:\/\/falk-toys.pycofa.fr\/wp-content\/uploads\/2024\/10\/porteur-tracteur-claas-312-pks.jpg","width":800,"height":800,"caption":"Portados tractor Claas"},{"@type":"BreadcrumbList","@id":"https:\/\/falk-toys.pycofa.fr\/es\/producto\/tractor-claas-de-1a-edad-con-volante-direccional-con-bocina-y-barra-ergonomica-de-ayuda-a-la-marcha\/#breadcrumb","itemListElement":[{"@type":"ListItem","position":1,"name":"Home","item":"https:\/\/falk-toys.pycofa.fr\/es\/"},{"@type":"ListItem","position":2,"name":"Tienda","item":"https:\/\/falk-toys.pycofa.fr\/es\/tienda\/"},{"@type":"ListItem","position":3,"name":"Tractor Claas de 1\u00aa edad con volante direccional con bocina y barra ergon\u00f3mica de ayuda a la marcha"}]},{"@type":"WebSite","@id":"https:\/\/falk-toys.pycofa.fr\/es\/#website","url":"https:\/\/falk-toys.pycofa.fr\/es\/","name":"FALK - Toys that rolls","description":"Jouets fabriqu\u00e9s en France","publisher":{"@id":"https:\/\/falk-toys.pycofa.fr\/es\/#organization"},"potentialAction":[{"@type":"SearchAction","target":{"@type":"EntryPoint","urlTemplate":"https:\/\/falk-toys.pycofa.fr\/es\/?s={search_term_string}"},"query-input":{"@type":"PropertyValueSpecification","valueRequired":true,"valueName":"search_term_string"}}],"inLanguage":"es"},{"@type":"Organization","@id":"https:\/\/falk-toys.pycofa.fr\/es\/#organization","name":"Falk Toys","url":"https:\/\/falk-toys.pycofa.fr\/es\/","logo":{"@type":"ImageObject","inLanguage":"es","@id":"https:\/\/falk-toys.pycofa.fr\/es\/#\/schema\/logo\/image\/","url":"https:\/\/falk-toys.pycofa.fr\/wp-content\/uploads\/2019\/12\/falk-logo@2x.png","contentUrl":"https:\/\/falk-toys.pycofa.fr\/wp-content\/uploads\/2019\/12\/falk-logo@2x.png","width":436,"height":351,"caption":"Falk Toys"},"image":{"@id":"https:\/\/falk-toys.pycofa.fr\/es\/#\/schema\/logo\/image\/"},"sameAs":["https:\/\/www.facebook.com\/FalkFR\/","https:\/\/www.instagram.com\/falk_toys\/","https:\/\/www.youtube.com\/channel\/UCKZXf1_E8UsPhjAQo-Y5vlg"]}]},"product_price_amount":"36.99","product_price_currency":"EUR","og_availability":"instock","product_availability":"instock","product_retailer_item_id":"312","product_condition":"new"},"_links":{"self":[{"href":"https:\/\/falk-toys.pycofa.fr\/es\/wp-json\/wp\/v2\/product\/22598","targetHints":{"allow":["GET"]}}],"collection":[{"href":"https:\/\/falk-toys.pycofa.fr\/es\/wp-json\/wp\/v2\/product"}],"about":[{"href":"https:\/\/falk-toys.pycofa.fr\/es\/wp-json\/wp\/v2\/types\/product"}],"replies":[{"embeddable":true,"href":"https:\/\/falk-toys.pycofa.fr\/es\/wp-json\/wp\/v2\/comments?post=22598"}],"wp:featuredmedia":[{"embeddable":true,"href":"https:\/\/falk-toys.pycofa.fr\/es\/wp-json\/wp\/v2\/media\/19961"}],"wp:attachment":[{"href":"https:\/\/falk-toys.pycofa.fr\/es\/wp-json\/wp\/v2\/media?parent=22598"}],"wp:term":[{"taxonomy":"product_brand","embeddable":true,"href":"https:\/\/falk-toys.pycofa.fr\/es\/wp-json\/wp\/v2\/product_brand?post=22598"},{"taxonomy":"product_cat","embeddable":true,"href":"https:\/\/falk-toys.pycofa.fr\/es\/wp-json\/wp\/v2\/product_cat?post=22598"},{"taxonomy":"product_tag","embeddable":true,"href":"https:\/\/falk-toys.pycofa.fr\/es\/wp-json\/wp\/v2\/product_tag?post=22598"}],"curies":[{"name":"wp","href":"https:\/\/api.w.org\/{rel}","templated":true}]}}